{"id":21079,"date":"2024-09-17T12:10:44","date_gmt":"2024-09-17T10:10:44","guid":{"rendered":"https:\/\/www.dataieanalytics.com\/soluciones-copy\/"},"modified":"2024-11-11T13:33:58","modified_gmt":"2024-11-11T12:33:58","slug":"prueba","status":"publish","type":"page","link":"https:\/\/www.dataieanalytics.com\/en\/prueba\/","title":{"rendered":"Prueba"},"content":{"rendered":"<div data-elementor-type=\"wp-page\" data-elementor-id=\"21079\" class=\"elementor elementor-21079\">\n\t\t\t\t<div class=\"elementor-element elementor-element-748bc6b e-flex e-con-boxed wcf-starter-animations-none e-con e-parent\" data-id=\"748bc6b\" data-element_type=\"container\" data-e-type=\"container\" data-settings=\"{&quot;wcf_enable_cursor_hover_effect_text&quot;:&quot;View&quot;,&quot;wcf-animation&quot;:&quot;none&quot;,&quot;wcf_pin_breakpoint&quot;:&quot;mobile&quot;}\">\n\t\t\t\t\t<div class=\"e-con-inner\">\n\t\t<div class=\"elementor-element elementor-element-e5c7a8b e-con-full e-flex wcf-starter-animations-none e-con e-child\" data-id=\"e5c7a8b\" data-element_type=\"container\" data-e-type=\"container\" data-settings=\"{&quot;wcf_enable_cursor_hover_effect_text&quot;:&quot;View&quot;,&quot;wcf-animation&quot;:&quot;none&quot;,&quot;wcf_pin_breakpoint&quot;:&quot;mobile&quot;}\">\n\t\t\t\t<\/div>\n\t\t\t\t\t<\/div>\n\t\t\t\t<\/div>\n\t\t<div class=\"elementor-element elementor-element-abaa607 e-flex e-con-boxed wcf-starter-animations-none e-con e-parent\" data-id=\"abaa607\" data-element_type=\"container\" data-e-type=\"container\" data-settings=\"{&quot;background_background&quot;:&quot;classic&quot;,&quot;wcf_enable_cursor_hover_effect_text&quot;:&quot;View&quot;,&quot;wcf-animation&quot;:&quot;none&quot;,&quot;wcf_pin_breakpoint&quot;:&quot;mobile&quot;}\">\n\t\t\t\t\t<div class=\"e-con-inner\">\n\t\t<div class=\"elementor-element elementor-element-dcc8a07 e-con-full e-flex wcf-starter-animations-none e-con e-child\" data-id=\"dcc8a07\" data-element_type=\"container\" data-e-type=\"container\" data-settings=\"{&quot;wcf_enable_cursor_hover_effect_text&quot;:&quot;View&quot;,&quot;wcf-animation&quot;:&quot;none&quot;,&quot;wcf_pin_breakpoint&quot;:&quot;mobile&quot;}\">\n\t\t\t\t<div class=\"elementor-element elementor-element-acc8282 wcf-starter-animations-none wcf-t-animation-none elementor-widget elementor-widget-heading\" data-id=\"acc8282\" data-element_type=\"widget\" data-e-type=\"widget\" data-settings=\"{&quot;wcf-animation&quot;:&quot;fade&quot;,&quot;fade-from&quot;:&quot;bottom&quot;,&quot;data-duration&quot;:0.75,&quot;fade-offset&quot;:40,&quot;wcf_starter_animations&quot;:&quot;none&quot;,&quot;wcf_anim_duration&quot;:1000,&quot;wcf_anim_delay&quot;:0,&quot;wcf_anim_ease&quot;:&quot;ease&quot;,&quot;wcf_text_animation&quot;:&quot;none&quot;,&quot;delay&quot;:0.15,&quot;ease&quot;:&quot;power2.out&quot;}\" data-widget_type=\"heading.default\">\n\t\t\t\t<div class=\"elementor-widget-container\">\n\t\t\t\t\t<h2 class=\"elementor-heading-title elementor-size-default\">Conoce los casos de \u00e9xito detr\u00e1s DATAIE.<\/h2>\t\t\t\t<\/div>\n\t\t\t\t<\/div>\n\t\t\t\t<\/div>\n\t\t\t\t\t<\/div>\n\t\t\t\t<\/div>\n\t\t<div class=\"elementor-element elementor-element-09c0b6f e-con-full e-flex wcf-starter-animations-none e-con e-parent\" data-id=\"09c0b6f\" data-element_type=\"container\" data-e-type=\"container\" data-settings=\"{&quot;background_background&quot;:&quot;classic&quot;,&quot;wcf_enable_cursor_hover_effect_text&quot;:&quot;View&quot;,&quot;wcf-animation&quot;:&quot;none&quot;,&quot;wcf_pin_breakpoint&quot;:&quot;mobile&quot;}\">\n\t\t<div class=\"elementor-element elementor-element-0b3ffd8 e-con-full e-flex wcf-starter-animations-none e-con e-child\" data-id=\"0b3ffd8\" data-element_type=\"container\" data-e-type=\"container\" data-settings=\"{&quot;wcf_enable_cursor_hover_effect_text&quot;:&quot;View&quot;,&quot;wcf-animation&quot;:&quot;none&quot;,&quot;wcf_pin_breakpoint&quot;:&quot;mobile&quot;}\">\n\t\t\t\t<div class=\"elementor-element elementor-element-c2a11c6 elementor-widget__width-inherit wcf-starter-animations-none elementor-widget elementor-widget-image\" data-id=\"c2a11c6\" data-element_type=\"widget\" data-e-type=\"widget\" data-settings=\"{&quot;wcf_starter_animations&quot;:&quot;none&quot;,&quot;wcf_anim_duration&quot;:1000,&quot;wcf_anim_delay&quot;:0,&quot;wcf_anim_ease&quot;:&quot;ease&quot;,&quot;wcf-image-animation&quot;:&quot;none&quot;,&quot;wcf-animation&quot;:&quot;none&quot;}\" data-widget_type=\"image.default\">\n\t\t\t\t<div class=\"elementor-widget-container\">\n\t\t\t\t\t\t\t\t\t\t\t\t\t\t\t<img fetchpriority=\"high\" decoding=\"async\" width=\"800\" height=\"134\" src=\"https:\/\/www.dataieanalytics.com\/wp-content\/uploads\/2024\/10\/balearia-1024x171.png\" class=\"attachment-large size-large wp-image-21929\" alt=\"\" srcset=\"https:\/\/www.dataieanalytics.com\/wp-content\/uploads\/2024\/10\/balearia-1024x171.png 1024w, https:\/\/www.dataieanalytics.com\/wp-content\/uploads\/2024\/10\/balearia-350x58.png 350w, https:\/\/www.dataieanalytics.com\/wp-content\/uploads\/2024\/10\/balearia-300x50.png 300w, https:\/\/www.dataieanalytics.com\/wp-content\/uploads\/2024\/10\/balearia-768x128.png 768w, https:\/\/www.dataieanalytics.com\/wp-content\/uploads\/2024\/10\/balearia-1536x257.png 1536w, https:\/\/www.dataieanalytics.com\/wp-content\/uploads\/2024\/10\/balearia-2048x342.png 2048w, https:\/\/www.dataieanalytics.com\/wp-content\/uploads\/2024\/10\/balearia-18x3.png 18w\" sizes=\"(max-width: 800px) 100vw, 800px\" \/>\t\t\t\t\t\t\t\t\t\t\t\t\t\t\t<\/div>\n\t\t\t\t<\/div>\n\t\t\t\t<div class=\"elementor-element elementor-element-70919c4 wcf-starter-animations-none wcf-t-animation-none elementor-widget elementor-widget-heading\" data-id=\"70919c4\" data-element_type=\"widget\" data-e-type=\"widget\" data-settings=\"{&quot;wcf-animation&quot;:&quot;fade&quot;,&quot;fade-from&quot;:&quot;bottom&quot;,&quot;data-duration&quot;:0.75,&quot;fade-offset&quot;:40,&quot;wcf_starter_animations&quot;:&quot;none&quot;,&quot;wcf_anim_duration&quot;:1000,&quot;wcf_anim_delay&quot;:0,&quot;wcf_anim_ease&quot;:&quot;ease&quot;,&quot;wcf_text_animation&quot;:&quot;none&quot;,&quot;delay&quot;:0.15,&quot;ease&quot;:&quot;power2.out&quot;}\" data-widget_type=\"heading.default\">\n\t\t\t\t<div class=\"elementor-widget-container\">\n\t\t\t\t\t<h2 class=\"elementor-heading-title elementor-size-default\">Balearia<\/h2>\t\t\t\t<\/div>\n\t\t\t\t<\/div>\n\t\t\t\t<\/div>\n\t\t<div class=\"elementor-element elementor-element-ff2659f e-con-full e-flex wcf-starter-animations-none e-con e-child\" data-id=\"ff2659f\" data-element_type=\"container\" data-e-type=\"container\" data-settings=\"{&quot;wcf_enable_cursor_hover_effect_text&quot;:&quot;View&quot;,&quot;wcf-animation&quot;:&quot;none&quot;,&quot;wcf_pin_breakpoint&quot;:&quot;mobile&quot;}\">\n\t\t\t\t<div class=\"elementor-element elementor-element-981ce43 elementor-widget__width-initial elementor-widget elementor-widget-accordion\" data-id=\"981ce43\" data-element_type=\"widget\" data-e-type=\"widget\" data-settings=\"{&quot;wcf-animation&quot;:&quot;fade&quot;,&quot;delay&quot;:0.45,&quot;fade-from&quot;:&quot;bottom&quot;,&quot;data-duration&quot;:0.75,&quot;fade-offset&quot;:40,&quot;ease&quot;:&quot;power2.out&quot;}\" data-widget_type=\"accordion.skin-wcf-accordion\">\n\t\t\t\t<div class=\"elementor-widget-container\">\n\t\t\t\t\t        <style>\r\n            .wcf--inner--accrodion--body {\r\n                gap: 60px;\r\n                display: -webkit-box;\r\n                display: -ms-flexbox;\r\n                display: flex;\r\n                padding: 0;\r\n                padding-top: 10px;\r\n                padding-bottom: 25px;\r\n            }\r\n\r\n            .elementor-accordion-item {\r\n                overflow: hidden;\r\n                position: relative;\r\n            }\r\n\r\n\r\n        <\/style>\r\n        <div class=\"elementor-accordion\" data-active=\"yes\">\r\n\t\t\t            <div class=\"elementor-accordion-item\">\r\n                <div id=\"elementor-tab-title-1591\" class=\"elementor-tab-title\" data-active=\"yes\" data-indexkey=\"981ce43_0\"                >\r\n\t\t\t\t                    <span class=\"elementor-accordion-icon elementor-accordion-icon-right\"\r\n                          aria-hidden=\"true\">\r\n\t\t\t\t\t\t\t                                <span class=\"elementor-accordion-icon-closed\"><i class=\"binox-theme wcftheme-wcf-icon icon-wcf-plus\"><\/i><\/span>\r\n                                <span class=\"elementor-accordion-icon-opened\"><i class=\"binox-theme wcftheme-wcf-icon icon-wcf-minus\"><\/i><\/span>\r\n\t\t\t\t\t\t\t\t\t\t\t\t\t\t<\/span>\r\n\t\t\t\t                <a class=\"elementor-accordion-title\" tabindex=\"0\">\r\n\t\t\t\t\t                        <span class=\"elementor-accordion-title-icon\"><\/span>\r\n\t\t\t\t\t\t\t\t\t\t\u00bfQui\u00e9n es el cliente? \t\t\t\t\t                <\/a>\r\n            <\/div>\r\n            <div id=\"elementor-tab-content-1591\" class=\"elementor-tab-content elementor-clearfix\" data-active=\"yes\" data-indexkey=\"981ce43_0\">\r\n                <div class=\"wcf--inner--accrodion--body\">\r\n\t\t\t\t\t                    <div class=\"wcf--content\"><p class=\"p1\">Bale\u00e0ria es la naviera l\u00edder en el transporte de pasaje y carga en las conexiones con Baleares, une Ceuta, Melilla y Canarias con la pen\u00ednsula, y tiene presencia en Marruecos, Argelia, el sur de Francia y en el Caribe (Estados Unidos y las Bahamas).<\/p><\/div>\r\n                <\/div>\r\n            <\/div>\r\n        <\/div>\r\n\t            <div class=\"elementor-accordion-item\">\r\n                <div id=\"elementor-tab-title-1592\" class=\"elementor-tab-title\" data-active=\"\" data-indexkey=\"981ce43_1\"                >\r\n\t\t\t\t                    <span class=\"elementor-accordion-icon elementor-accordion-icon-right\"\r\n                          aria-hidden=\"true\">\r\n\t\t\t\t\t\t\t                                <span class=\"elementor-accordion-icon-closed\"><i class=\"binox-theme wcftheme-wcf-icon icon-wcf-plus\"><\/i><\/span>\r\n                                <span class=\"elementor-accordion-icon-opened\"><i class=\"binox-theme wcftheme-wcf-icon icon-wcf-minus\"><\/i><\/span>\r\n\t\t\t\t\t\t\t\t\t\t\t\t\t\t<\/span>\r\n\t\t\t\t                <a class=\"elementor-accordion-title\" tabindex=\"0\">\r\n\t\t\t\t\t                        <span class=\"elementor-accordion-title-icon\"><\/span>\r\n\t\t\t\t\t\t\t\t\t\tDescripci\u00f3n: \t\t\t\t\t                <\/a>\r\n            <\/div>\r\n            <div id=\"elementor-tab-content-1592\" class=\"elementor-tab-content elementor-clearfix\" data-active=\"\" data-indexkey=\"981ce43_1\">\r\n                <div class=\"wcf--inner--accrodion--body\">\r\n\t\t\t\t\t                    <div class=\"wcf--content\"><p class=\"p1\">Bale\u00e0ria\u00a0ha implantado DATAIE para que, junto con el equipo de consultores de \u00c2ngela IE, elaborar el Estado de Informaci\u00f3n No Financiera y contar con una base de datos global y accesible.<\/p><\/div>\r\n                <\/div>\r\n            <\/div>\r\n        <\/div>\r\n\t            <div class=\"elementor-accordion-item\">\r\n                <div id=\"elementor-tab-title-1593\" class=\"elementor-tab-title\" data-active=\"\" data-indexkey=\"981ce43_2\"                >\r\n\t\t\t\t                    <span class=\"elementor-accordion-icon elementor-accordion-icon-right\"\r\n                          aria-hidden=\"true\">\r\n\t\t\t\t\t\t\t                                <span class=\"elementor-accordion-icon-closed\"><i class=\"binox-theme wcftheme-wcf-icon icon-wcf-plus\"><\/i><\/span>\r\n                                <span class=\"elementor-accordion-icon-opened\"><i class=\"binox-theme wcftheme-wcf-icon icon-wcf-minus\"><\/i><\/span>\r\n\t\t\t\t\t\t\t\t\t\t\t\t\t\t<\/span>\r\n\t\t\t\t                <a class=\"elementor-accordion-title\" tabindex=\"0\">\r\n\t\t\t\t\t                        <span class=\"elementor-accordion-title-icon\"><\/span>\r\n\t\t\t\t\t\t\t\t\t\tReto(s)\t\t\t\t\t                <\/a>\r\n            <\/div>\r\n            <div id=\"elementor-tab-content-1593\" class=\"elementor-tab-content elementor-clearfix\" data-active=\"\" data-indexkey=\"981ce43_2\">\r\n                <div class=\"wcf--inner--accrodion--body\">\r\n\t\t\t\t\t                    <div class=\"wcf--content\"><p class=\"p1\">Bale\u00e0ria es una compa\u00f1\u00eda pionera en la divulgaci\u00f3n de asuntos de sostenibilidad. La elaboraci\u00f3n del EINF requiere de numerosas personas involucradas. Adem\u00e1s, Bale\u00e0ria se cuenta con un sistema de gesti\u00f3n de riesgos que se est\u00e1 ampliando para incorporar las \u00e1reas ESG.<\/p><\/div>\r\n                <\/div>\r\n            <\/div>\r\n        <\/div>\r\n\t            <div class=\"elementor-accordion-item\">\r\n                <div id=\"elementor-tab-title-1594\" class=\"elementor-tab-title\" data-active=\"\" data-indexkey=\"981ce43_3\"                >\r\n\t\t\t\t                    <span class=\"elementor-accordion-icon elementor-accordion-icon-right\"\r\n                          aria-hidden=\"true\">\r\n\t\t\t\t\t\t\t                                <span class=\"elementor-accordion-icon-closed\"><i class=\"binox-theme wcftheme-wcf-icon icon-wcf-plus\"><\/i><\/span>\r\n                                <span class=\"elementor-accordion-icon-opened\"><i class=\"binox-theme wcftheme-wcf-icon icon-wcf-minus\"><\/i><\/span>\r\n\t\t\t\t\t\t\t\t\t\t\t\t\t\t<\/span>\r\n\t\t\t\t                <a class=\"elementor-accordion-title\" tabindex=\"0\">\r\n\t\t\t\t\t                        <span class=\"elementor-accordion-title-icon\"><\/span>\r\n\t\t\t\t\t\t\t\t\t\tSoluci\u00f3n\t\t\t\t\t                <\/a>\r\n            <\/div>\r\n            <div id=\"elementor-tab-content-1594\" class=\"elementor-tab-content elementor-clearfix\" data-active=\"\" data-indexkey=\"981ce43_3\">\r\n                <div class=\"wcf--inner--accrodion--body\">\r\n\t\t\t\t\t                    <div class=\"wcf--content\"><p class=\"p1\">La implantaci\u00f3n de DATAIE as\u00ed como el acompa\u00f1amiento del equipo de Angela IE ha permitido a Bale\u00e0ria a elaborar el EINF y las Memorias de Sostenibilidad de una manera m\u00e1s \u00e1gil. Adem\u00e1s, actualmente trabaja en la gesti\u00f3n de impactos, riesgos y oportunidades procedentes de la doble materialidad con el fin de mejorar su desempe\u00f1o.<\/p><\/div>\r\n                <\/div>\r\n            <\/div>\r\n        <\/div>\r\n\t            <div class=\"elementor-accordion-item\">\r\n                <div id=\"elementor-tab-title-1595\" class=\"elementor-tab-title\" data-active=\"\" data-indexkey=\"981ce43_4\"                >\r\n\t\t\t\t                    <span class=\"elementor-accordion-icon elementor-accordion-icon-right\"\r\n                          aria-hidden=\"true\">\r\n\t\t\t\t\t\t\t                                <span class=\"elementor-accordion-icon-closed\"><i class=\"binox-theme wcftheme-wcf-icon icon-wcf-plus\"><\/i><\/span>\r\n                                <span class=\"elementor-accordion-icon-opened\"><i class=\"binox-theme wcftheme-wcf-icon icon-wcf-minus\"><\/i><\/span>\r\n\t\t\t\t\t\t\t\t\t\t\t\t\t\t<\/span>\r\n\t\t\t\t                <a class=\"elementor-accordion-title\" tabindex=\"0\">\r\n\t\t\t\t\t                        <span class=\"elementor-accordion-title-icon\"><\/span>\r\n\t\t\t\t\t\t\t\t\t\tTestimonio\t\t\t\t\t                <\/a>\r\n            <\/div>\r\n            <div id=\"elementor-tab-content-1595\" class=\"elementor-tab-content elementor-clearfix\" data-active=\"\" data-indexkey=\"981ce43_4\">\r\n                <div class=\"wcf--inner--accrodion--body\">\r\n\t\t\t\t\t                    <div class=\"wcf--content\"><p class=\"p1\">DATAIE nos ha facilitado recopilar la informaci\u00f3n y poderla consultar de forma m\u00e1s \u00e1gil tanto para el EINF como para otros proyectos. Adem\u00e1s, tambi\u00e9n nos permitir\u00e1 comparar y ver la evoluci\u00f3n de los diferentes indicadores.<\/p><\/div>\r\n                <\/div>\r\n            <\/div>\r\n        <\/div>\r\n\t\t\t        <\/div>\r\n\t\t\t\t\t\t<\/div>\n\t\t\t\t<\/div>\n\t\t\t\t<\/div>\n\t\t\t\t<\/div>\n\t\t<div class=\"elementor-element elementor-element-6abbc46 e-flex e-con-boxed wcf-starter-animations-none e-con e-parent\" data-id=\"6abbc46\" data-element_type=\"container\" data-e-type=\"container\" data-settings=\"{&quot;wcf_enable_cursor_hover_effect_text&quot;:&quot;View&quot;,&quot;wcf-animation&quot;:&quot;none&quot;,&quot;wcf_pin_breakpoint&quot;:&quot;mobile&quot;}\">\n\t\t\t\t\t<div class=\"e-con-inner\">\n\t\t\t\t\t<\/div>\n\t\t\t\t<\/div>\n\t\t\t\t<\/div>","protected":false},"excerpt":{"rendered":"<p>Conoce los casos de \u00e9xito detr\u00e1s DATAIE. Balearia \u00bfQui\u00e9n es el cliente? Bale\u00e0ria es la naviera l\u00edder en el transporte de pasaje y carga en las conexiones con Baleares, une Ceuta, Melilla y Canarias con la pen\u00ednsula, y tiene presencia en Marruecos, Argelia, el sur de Francia y en el Caribe (Estados Unidos y las [&hellip;]<\/p>\n","protected":false},"author":1,"featured_media":0,"parent":0,"menu_order":0,"comment_status":"closed","ping_status":"closed","template":"elementor_header_footer","meta":{"footnotes":""},"class_list":["post-21079","page","type-page","status-publish","hentry"],"yoast_head":"<!-- This site is optimized with the Yoast SEO plugin v27.5 - https:\/\/yoast.com\/product\/yoast-seo-wordpress\/ -->\n<title>Prueba - DAT\u00c2IE Sustainability Analytics<\/title>\n<meta name=\"robots\" content=\"index, follow, max-snippet:-1, max-image-preview:large, max-video-preview:-1\" \/>\n<link rel=\"canonical\" href=\"https:\/\/www.dataieanalytics.com\/en\/prueba\/\" \/>\n<meta property=\"og:locale\" content=\"en_GB\" \/>\n<meta property=\"og:type\" content=\"article\" \/>\n<meta property=\"og:title\" content=\"Prueba - DAT\u00c2IE Sustainability Analytics\" \/>\n<meta property=\"og:description\" content=\"Conoce los casos de \u00e9xito detr\u00e1s DATAIE. Balearia \u00bfQui\u00e9n es el cliente? Bale\u00e0ria es la naviera l\u00edder en el transporte de pasaje y carga en las conexiones con Baleares, une Ceuta, Melilla y Canarias con la pen\u00ednsula, y tiene presencia en Marruecos, Argelia, el sur de Francia y en el Caribe (Estados Unidos y las [&hellip;]\" \/>\n<meta property=\"og:url\" content=\"https:\/\/www.dataieanalytics.com\/en\/prueba\/\" \/>\n<meta property=\"og:site_name\" content=\"DAT\u00c2IE Sustainability Analytics\" \/>\n<meta property=\"article:modified_time\" content=\"2024-11-11T12:33:58+00:00\" \/>\n<meta property=\"og:image\" content=\"https:\/\/www.dataieanalytics.com\/wp-content\/uploads\/2024\/10\/balearia-1024x171.png\" \/>\n<meta name=\"twitter:card\" content=\"summary_large_image\" \/>\n<meta name=\"twitter:label1\" content=\"Estimated reading time\" \/>\n\t<meta name=\"twitter:data1\" content=\"1 minute\" \/>\n<script type=\"application\/ld+json\" class=\"yoast-schema-graph\">{\"@context\":\"https:\\\/\\\/schema.org\",\"@graph\":[{\"@type\":\"WebPage\",\"@id\":\"https:\\\/\\\/www.dataieanalytics.com\\\/prueba\\\/\",\"url\":\"https:\\\/\\\/www.dataieanalytics.com\\\/prueba\\\/\",\"name\":\"Prueba - DAT\u00c2IE Sustainability Analytics\",\"isPartOf\":{\"@id\":\"https:\\\/\\\/www.dataieanalytics.com\\\/#website\"},\"primaryImageOfPage\":{\"@id\":\"https:\\\/\\\/www.dataieanalytics.com\\\/prueba\\\/#primaryimage\"},\"image\":{\"@id\":\"https:\\\/\\\/www.dataieanalytics.com\\\/prueba\\\/#primaryimage\"},\"thumbnailUrl\":\"https:\\\/\\\/www.dataieanalytics.com\\\/wp-content\\\/uploads\\\/2024\\\/10\\\/balearia-1024x171.png\",\"datePublished\":\"2024-09-17T10:10:44+00:00\",\"dateModified\":\"2024-11-11T12:33:58+00:00\",\"breadcrumb\":{\"@id\":\"https:\\\/\\\/www.dataieanalytics.com\\\/prueba\\\/#breadcrumb\"},\"inLanguage\":\"en-GB\",\"potentialAction\":[{\"@type\":\"ReadAction\",\"target\":[\"https:\\\/\\\/www.dataieanalytics.com\\\/prueba\\\/\"]}]},{\"@type\":\"ImageObject\",\"inLanguage\":\"en-GB\",\"@id\":\"https:\\\/\\\/www.dataieanalytics.com\\\/prueba\\\/#primaryimage\",\"url\":\"https:\\\/\\\/www.dataieanalytics.com\\\/wp-content\\\/uploads\\\/2024\\\/10\\\/balearia-1024x171.png\",\"contentUrl\":\"https:\\\/\\\/www.dataieanalytics.com\\\/wp-content\\\/uploads\\\/2024\\\/10\\\/balearia-1024x171.png\"},{\"@type\":\"BreadcrumbList\",\"@id\":\"https:\\\/\\\/www.dataieanalytics.com\\\/prueba\\\/#breadcrumb\",\"itemListElement\":[{\"@type\":\"ListItem\",\"position\":1,\"name\":\"Portada\",\"item\":\"https:\\\/\\\/www.dataieanalytics.com\\\/\"},{\"@type\":\"ListItem\",\"position\":2,\"name\":\"Prueba\"}]},{\"@type\":\"WebSite\",\"@id\":\"https:\\\/\\\/www.dataieanalytics.com\\\/#website\",\"url\":\"https:\\\/\\\/www.dataieanalytics.com\\\/\",\"name\":\"DAT\u00c2IE Sustainability Analytics\",\"description\":\"\",\"publisher\":{\"@id\":\"https:\\\/\\\/www.dataieanalytics.com\\\/#organization\"},\"potentialAction\":[{\"@type\":\"SearchAction\",\"target\":{\"@type\":\"EntryPoint\",\"urlTemplate\":\"https:\\\/\\\/www.dataieanalytics.com\\\/?s={search_term_string}\"},\"query-input\":{\"@type\":\"PropertyValueSpecification\",\"valueRequired\":true,\"valueName\":\"search_term_string\"}}],\"inLanguage\":\"en-GB\"},{\"@type\":\"Organization\",\"@id\":\"https:\\\/\\\/www.dataieanalytics.com\\\/#organization\",\"name\":\"DAT\u00c2IE Sustainability Analytics\",\"url\":\"https:\\\/\\\/www.dataieanalytics.com\\\/\",\"logo\":{\"@type\":\"ImageObject\",\"inLanguage\":\"en-GB\",\"@id\":\"https:\\\/\\\/www.dataieanalytics.com\\\/#\\\/schema\\\/logo\\\/image\\\/\",\"url\":\"https:\\\/\\\/www.dataieanalytics.com\\\/wp-content\\\/uploads\\\/2024\\\/05\\\/DataieLOGO.png\",\"contentUrl\":\"https:\\\/\\\/www.dataieanalytics.com\\\/wp-content\\\/uploads\\\/2024\\\/05\\\/DataieLOGO.png\",\"width\":1223,\"height\":366,\"caption\":\"DAT\u00c2IE Sustainability Analytics\"},\"image\":{\"@id\":\"https:\\\/\\\/www.dataieanalytics.com\\\/#\\\/schema\\\/logo\\\/image\\\/\"},\"sameAs\":[\"https:\\\/\\\/www.linkedin.com\\\/company\\\/dataieanalytics\"]}]}<\/script>\n<!-- \/ Yoast SEO plugin. -->","yoast_head_json":{"title":"Prueba - DAT\u00c2IE Sustainability Analytics","robots":{"index":"index","follow":"follow","max-snippet":"max-snippet:-1","max-image-preview":"max-image-preview:large","max-video-preview":"max-video-preview:-1"},"canonical":"https:\/\/www.dataieanalytics.com\/en\/prueba\/","og_locale":"en_GB","og_type":"article","og_title":"Prueba - DAT\u00c2IE Sustainability Analytics","og_description":"Conoce los casos de \u00e9xito detr\u00e1s DATAIE. Balearia \u00bfQui\u00e9n es el cliente? Bale\u00e0ria es la naviera l\u00edder en el transporte de pasaje y carga en las conexiones con Baleares, une Ceuta, Melilla y Canarias con la pen\u00ednsula, y tiene presencia en Marruecos, Argelia, el sur de Francia y en el Caribe (Estados Unidos y las [&hellip;]","og_url":"https:\/\/www.dataieanalytics.com\/en\/prueba\/","og_site_name":"DAT\u00c2IE Sustainability Analytics","article_modified_time":"2024-11-11T12:33:58+00:00","og_image":[{"url":"https:\/\/www.dataieanalytics.com\/wp-content\/uploads\/2024\/10\/balearia-1024x171.png","type":"","width":"","height":""}],"twitter_card":"summary_large_image","twitter_misc":{"Estimated reading time":"1 minute"},"schema":{"@context":"https:\/\/schema.org","@graph":[{"@type":"WebPage","@id":"https:\/\/www.dataieanalytics.com\/prueba\/","url":"https:\/\/www.dataieanalytics.com\/prueba\/","name":"Prueba - DAT\u00c2IE Sustainability Analytics","isPartOf":{"@id":"https:\/\/www.dataieanalytics.com\/#website"},"primaryImageOfPage":{"@id":"https:\/\/www.dataieanalytics.com\/prueba\/#primaryimage"},"image":{"@id":"https:\/\/www.dataieanalytics.com\/prueba\/#primaryimage"},"thumbnailUrl":"https:\/\/www.dataieanalytics.com\/wp-content\/uploads\/2024\/10\/balearia-1024x171.png","datePublished":"2024-09-17T10:10:44+00:00","dateModified":"2024-11-11T12:33:58+00:00","breadcrumb":{"@id":"https:\/\/www.dataieanalytics.com\/prueba\/#breadcrumb"},"inLanguage":"en-GB","potentialAction":[{"@type":"ReadAction","target":["https:\/\/www.dataieanalytics.com\/prueba\/"]}]},{"@type":"ImageObject","inLanguage":"en-GB","@id":"https:\/\/www.dataieanalytics.com\/prueba\/#primaryimage","url":"https:\/\/www.dataieanalytics.com\/wp-content\/uploads\/2024\/10\/balearia-1024x171.png","contentUrl":"https:\/\/www.dataieanalytics.com\/wp-content\/uploads\/2024\/10\/balearia-1024x171.png"},{"@type":"BreadcrumbList","@id":"https:\/\/www.dataieanalytics.com\/prueba\/#breadcrumb","itemListElement":[{"@type":"ListItem","position":1,"name":"Portada","item":"https:\/\/www.dataieanalytics.com\/"},{"@type":"ListItem","position":2,"name":"Prueba"}]},{"@type":"WebSite","@id":"https:\/\/www.dataieanalytics.com\/#website","url":"https:\/\/www.dataieanalytics.com\/","name":"DAT\u00c2IE Sustainability Analytics","description":"","publisher":{"@id":"https:\/\/www.dataieanalytics.com\/#organization"},"potentialAction":[{"@type":"SearchAction","target":{"@type":"EntryPoint","urlTemplate":"https:\/\/www.dataieanalytics.com\/?s={search_term_string}"},"query-input":{"@type":"PropertyValueSpecification","valueRequired":true,"valueName":"search_term_string"}}],"inLanguage":"en-GB"},{"@type":"Organization","@id":"https:\/\/www.dataieanalytics.com\/#organization","name":"DAT\u00c2IE Sustainability Analytics","url":"https:\/\/www.dataieanalytics.com\/","logo":{"@type":"ImageObject","inLanguage":"en-GB","@id":"https:\/\/www.dataieanalytics.com\/#\/schema\/logo\/image\/","url":"https:\/\/www.dataieanalytics.com\/wp-content\/uploads\/2024\/05\/DataieLOGO.png","contentUrl":"https:\/\/www.dataieanalytics.com\/wp-content\/uploads\/2024\/05\/DataieLOGO.png","width":1223,"height":366,"caption":"DAT\u00c2IE Sustainability Analytics"},"image":{"@id":"https:\/\/www.dataieanalytics.com\/#\/schema\/logo\/image\/"},"sameAs":["https:\/\/www.linkedin.com\/company\/dataieanalytics"]}]}},"jetpack_sharing_enabled":true,"_links":{"self":[{"href":"https:\/\/www.dataieanalytics.com\/en\/wp-json\/wp\/v2\/pages\/21079","targetHints":{"allow":["GET"]}}],"collection":[{"href":"https:\/\/www.dataieanalytics.com\/en\/wp-json\/wp\/v2\/pages"}],"about":[{"href":"https:\/\/www.dataieanalytics.com\/en\/wp-json\/wp\/v2\/types\/page"}],"author":[{"embeddable":true,"href":"https:\/\/www.dataieanalytics.com\/en\/wp-json\/wp\/v2\/users\/1"}],"replies":[{"embeddable":true,"href":"https:\/\/www.dataieanalytics.com\/en\/wp-json\/wp\/v2\/comments?post=21079"}],"version-history":[{"count":48,"href":"https:\/\/www.dataieanalytics.com\/en\/wp-json\/wp\/v2\/pages\/21079\/revisions"}],"predecessor-version":[{"id":22040,"href":"https:\/\/www.dataieanalytics.com\/en\/wp-json\/wp\/v2\/pages\/21079\/revisions\/22040"}],"wp:attachment":[{"href":"https:\/\/www.dataieanalytics.com\/en\/wp-json\/wp\/v2\/media?parent=21079"}],"curies":[{"name":"wp","href":"https:\/\/api.w.org\/{rel}","templated":true}]}}