{"id":22526,"date":"2025-04-02T11:18:18","date_gmt":"2025-04-02T09:18:18","guid":{"rendered":"https:\/\/www.dataieanalytics.com\/?page_id=22526"},"modified":"2025-04-02T11:38:38","modified_gmt":"2025-04-02T09:38:38","slug":"politica-de-seguridad","status":"publish","type":"page","link":"https:\/\/www.dataieanalytics.com\/en\/politica-de-seguridad\/","title":{"rendered":"Pol\u00edtica de seguridad"},"content":{"rendered":"<div data-elementor-type=\"wp-page\" data-elementor-id=\"22526\" class=\"elementor elementor-22526\">\n\t\t\t\t<div class=\"elementor-element elementor-element-748bc6b e-flex e-con-boxed wcf-starter-animations-none e-con e-parent\" data-id=\"748bc6b\" data-element_type=\"container\" data-e-type=\"container\" data-settings=\"{&quot;wcf_enable_cursor_hover_effect_text&quot;:&quot;View&quot;,&quot;wcf-animation&quot;:&quot;none&quot;,&quot;wcf_pin_breakpoint&quot;:&quot;mobile&quot;}\">\n\t\t\t\t\t<div class=\"e-con-inner\">\n\t\t<div class=\"elementor-element elementor-element-e5c7a8b e-con-full e-flex wcf-starter-animations-none e-con e-child\" data-id=\"e5c7a8b\" data-element_type=\"container\" data-e-type=\"container\" data-settings=\"{&quot;wcf_enable_cursor_hover_effect_text&quot;:&quot;View&quot;,&quot;wcf-animation&quot;:&quot;none&quot;,&quot;wcf_pin_breakpoint&quot;:&quot;mobile&quot;}\">\n\t\t\t\t<div class=\"elementor-element elementor-element-acc8282 elementor-widget__width-initial wcf-starter-animations-none wcf-t-animation-none elementor-widget elementor-widget-heading\" data-id=\"acc8282\" data-element_type=\"widget\" data-e-type=\"widget\" data-settings=\"{&quot;wcf-animation&quot;:&quot;fade&quot;,&quot;fade-from&quot;:&quot;bottom&quot;,&quot;data-duration&quot;:0.75,&quot;fade-offset&quot;:40,&quot;wcf_starter_animations&quot;:&quot;none&quot;,&quot;wcf_anim_duration&quot;:1000,&quot;wcf_anim_delay&quot;:0,&quot;wcf_anim_ease&quot;:&quot;ease&quot;,&quot;wcf_text_animation&quot;:&quot;none&quot;,&quot;delay&quot;:0.15,&quot;ease&quot;:&quot;power2.out&quot;}\" data-widget_type=\"heading.default\">\n\t\t\t\t<div class=\"elementor-widget-container\">\n\t\t\t\t\t<h2 class=\"elementor-heading-title elementor-size-default\">Pol\u00edtica de seguridad<\/h2>\t\t\t\t<\/div>\n\t\t\t\t<\/div>\n\t\t\t\t<\/div>\n\t\t\t\t\t<\/div>\n\t\t\t\t<\/div>\n\t\t<div class=\"elementor-element elementor-element-90df7e8 e-flex e-con-boxed wcf-starter-animations-none e-con e-parent\" data-id=\"90df7e8\" data-element_type=\"container\" data-e-type=\"container\" data-settings=\"{&quot;wcf_enable_cursor_hover_effect_text&quot;:&quot;View&quot;,&quot;wcf-animation&quot;:&quot;none&quot;,&quot;wcf_pin_breakpoint&quot;:&quot;mobile&quot;}\">\n\t\t\t\t\t<div class=\"e-con-inner\">\n\t\t\t\t<div class=\"elementor-element elementor-element-c7a9714 wcf-starter-animations-none wcf-t-animation-none elementor-widget elementor-widget-text-editor\" data-id=\"c7a9714\" data-element_type=\"widget\" data-e-type=\"widget\" data-settings=\"{&quot;wcf_starter_animations&quot;:&quot;none&quot;,&quot;wcf_anim_duration&quot;:1000,&quot;wcf_anim_delay&quot;:0,&quot;wcf_anim_ease&quot;:&quot;ease&quot;,&quot;wcf_text_animation&quot;:&quot;none&quot;,&quot;wcf-animation&quot;:&quot;none&quot;}\" data-widget_type=\"text-editor.default\">\n\t\t\t\t<div class=\"elementor-widget-container\">\n\t\t\t\t\t\t\t\t\t<p>La Seguridad de la Informaci\u00f3n entendida como preservaci\u00f3n de su confidencialidad, integridad y disponibilidad, as\u00ed como de los sistemas implicados en su tratamiento, se considera fundamental para la consecuci\u00f3n de las estrategias y objetivos de a Attrim Technology Group, SL \u00a0y sus sociedades participadas (en adelante, \u201cATTRIM\u201d).<\/p><p>Por todo ello, como objetivo estrat\u00e9gico de la empresa, es necesario conocer, evaluar y afrontar de manera ordenada los riesgos a los que est\u00e1 sometida la informaci\u00f3n, con el fin de:<\/p><ul><li>establecer, implementar, mantener y mejorar de forma continua las pol\u00edticas, procedimientos y controles en relaci\u00f3n con los objetivos de negocio y seguridad de la informaci\u00f3n de ATTRIM;<\/li><li>observar y medir los indicadores asociados a los riesgos y controles y el impacto sobre el negocio;<\/li><li>mantener siempre el riesgo por debajo del nivel asumible por la propia empresa y;<\/li><li>establecer y gestionar el Plan de Continuidad y gesti\u00f3n de incidentes, como herramienta fundamental para preservar la gesti\u00f3n eficaz de la seguridad de la informaci\u00f3n y completar el ciclo mediante la mejora continua.<\/li><\/ul><p>Consciente de ello, el Consejo de Administraci\u00f3n y la Direcci\u00f3n de ATTRIM manifiesta su apoyo y compromiso con\u00a0 la Seguridad de la Informaci\u00f3n, asumi\u00e9ndola como un proceso que debe estar plenamente integrado en el resto de los procesos de negocio de la empresa y, como tal, participa activamente en la definici\u00f3n, seguimiento, revisi\u00f3n y control de pol\u00edticas, procedimientos, instrucciones, registros, objetivos y controles de Seguridad de la Informaci\u00f3n para asegurar su constante mejora y la continuidad del negocio.<\/p><p>El compromiso y liderazgo del Consejo de Administraci\u00f3n de ATTRIM se materializa en la dotaci\u00f3n a la empresa de los recursos, roles y responsabilidades necesarios para la correcta implantaci\u00f3n, desarrollo, mantenimiento y seguimiento de la gesti\u00f3n de la seguridad de la informaci\u00f3n y la continuidad de negocio, de conformidad con el est\u00e1ndar internacional ISO\/IEC 27001:2022. A tal efecto, el Consejo de Administraci\u00f3n de ATTRIM tiene designado un Comit\u00e9 de Seguridad de la Informaci\u00f3n y un Responsable de Seguridad de la Informaci\u00f3n, manteniendo documentados sus roles y responsabilidades.<\/p><p>ATTRIM est\u00e1 comprometida de manera activa con el cumplimiento de la legislaci\u00f3n vigente sobre la que recaiga alguna obligaci\u00f3n de la empresa. Por ello toma conciencia y acata la legislaci\u00f3n vigente en materia de seguridad de la informaci\u00f3n y protecci\u00f3n de datos personales que le es aplicable, extendiendo su compromiso a su personal y dem\u00e1s partes interesadas, mediante la publicaci\u00f3n de esta Pol\u00edtica en la web corporativa.<\/p><p>La formaci\u00f3n, sensibilizaci\u00f3n y concienciaci\u00f3n del personal de ATTRIM en materia de Seguridad de la Informaci\u00f3n y protecci\u00f3n de datos personales, as\u00ed como la comunicaci\u00f3n de incidencias de seguridad a los responsables de su gesti\u00f3n, es fundamental para el correcto funcionamiento de los sistemas que soportan informaci\u00f3n en ATTRIM.<\/p><p>Por ello, en ATTRIM se desarrollan acciones formativas, de concienciaci\u00f3n y sensibilizaci\u00f3n peri\u00f3dicas en este \u00e1mbito, consideradas como elemento indispensable a la hora de afrontar una correcta gesti\u00f3n del conocimiento entre el personal que, consecuentemente, redunda en la efectividad de las acciones y elementos implantados en Seguridad de la Informaci\u00f3n.<\/p><p>El contenido de esta Pol\u00edtica de Seguridad es revisado anualmente el \u00d3rgano de Administraci\u00f3n de ATTRIM con la finalidad de confirmar su vigencia o proceder a su actualizaci\u00f3n. No obstante, si se produjeran cambios relevantes, ya sean de tipo operativo, legal o contractual, se proceder\u00e1 a su revisi\u00f3n siempre que se considere necesario, asegurando as\u00ed que la Pol\u00edtica permanece actualizada en todo momento.<\/p><p><strong>\u00a0<\/strong><\/p>\t\t\t\t\t\t\t\t<\/div>\n\t\t\t\t<\/div>\n\t\t\t\t\t<\/div>\n\t\t\t\t<\/div>\n\t\t<div class=\"elementor-element elementor-element-21826c7 elementor-hidden-widescreen elementor-hidden-desktop elementor-hidden-laptop elementor-hidden-tablet_extra elementor-hidden-tablet elementor-hidden-mobile_extra elementor-hidden-mobile e-flex e-con-boxed wcf-starter-animations-none e-con e-parent\" data-id=\"21826c7\" data-element_type=\"container\" data-e-type=\"container\" data-settings=\"{&quot;wcf_enable_cursor_hover_effect_text&quot;:&quot;View&quot;,&quot;wcf-animation&quot;:&quot;none&quot;,&quot;wcf_pin_breakpoint&quot;:&quot;mobile&quot;}\">\n\t\t\t\t\t<div class=\"e-con-inner\">\n\t\t<div class=\"elementor-element elementor-element-bb345a8 e-flex e-con-boxed wcf-starter-animations-none e-con e-child\" data-id=\"bb345a8\" data-element_type=\"container\" data-e-type=\"container\" data-settings=\"{&quot;background_background&quot;:&quot;classic&quot;,&quot;wcf_enable_cursor_hover_effect_text&quot;:&quot;View&quot;,&quot;wcf-animation&quot;:&quot;none&quot;,&quot;wcf_pin_breakpoint&quot;:&quot;mobile&quot;}\">\n\t\t\t\t\t<div class=\"e-con-inner\">\n\t\t<div class=\"elementor-element elementor-element-0a257d2 e-con-full e-flex wcf-starter-animations-none e-con e-child\" data-id=\"0a257d2\" data-element_type=\"container\" data-e-type=\"container\" data-settings=\"{&quot;wcf_enable_cursor_hover_effect_text&quot;:&quot;View&quot;,&quot;wcf-animation&quot;:&quot;none&quot;,&quot;wcf_pin_breakpoint&quot;:&quot;mobile&quot;}\">\n\t\t\t\t<div class=\"elementor-element elementor-element-ece548b elementor-widget__width-initial elementor-widget-mobile__width-inherit wcf-starter-animations-none wcf-t-animation-none elementor-widget elementor-widget-wcf--title\" data-id=\"ece548b\" data-element_type=\"widget\" data-e-type=\"widget\" data-settings=\"{&quot;wcf-animation&quot;:&quot;fade&quot;,&quot;fade-from&quot;:&quot;bottom&quot;,&quot;data-duration&quot;:0.75,&quot;fade-offset&quot;:40,&quot;wcf_starter_animations&quot;:&quot;none&quot;,&quot;wcf_anim_duration&quot;:1000,&quot;wcf_anim_delay&quot;:0,&quot;wcf_anim_ease&quot;:&quot;ease&quot;,&quot;wcf_text_animation&quot;:&quot;none&quot;,&quot;delay&quot;:0.15,&quot;on-scroll&quot;:1,&quot;ease&quot;:&quot;power2.out&quot;}\" data-widget_type=\"wcf--title.default\">\n\t\t\t\t<div class=\"elementor-widget-container\">\n\t\t\t\t\t<h2 class=\"wcf--title\">Conoce los casos de \u00e9xito detr\u00e1s DATAIE <\/h2>\t\t\t\t<\/div>\n\t\t\t\t<\/div>\n\t\t<div class=\"elementor-element elementor-element-acfcae9 e-con-full e-flex wcf-starter-animations-none e-con e-child\" data-id=\"acfcae9\" data-element_type=\"container\" data-e-type=\"container\" data-settings=\"{&quot;wcf_enable_cursor_hover_effect_text&quot;:&quot;View&quot;,&quot;wcf-animation&quot;:&quot;none&quot;,&quot;wcf_pin_breakpoint&quot;:&quot;mobile&quot;}\">\n\t\t<div class=\"elementor-element elementor-element-419fce0 e-con-full e-flex wcf-starter-animations-none e-con e-child\" data-id=\"419fce0\" data-element_type=\"container\" data-e-type=\"container\" data-settings=\"{&quot;wcf_enable_cursor_hover_effect_text&quot;:&quot;View&quot;,&quot;wcf-animation&quot;:&quot;fade&quot;,&quot;fade-from&quot;:&quot;bottom&quot;,&quot;data-duration&quot;:0.75,&quot;fade-offset&quot;:40,&quot;delay&quot;:0.15,&quot;on-scroll&quot;:1,&quot;ease&quot;:&quot;power2.out&quot;,&quot;wcf_pin_breakpoint&quot;:&quot;mobile&quot;}\">\n\t\t\t\t<div class=\"elementor-element elementor-element-ea4c420 elementor-widget elementor-widget-wcf--sassly-button\" data-id=\"ea4c420\" data-element_type=\"widget\" data-e-type=\"widget\" data-settings=\"{&quot;wcf-animation&quot;:&quot;fade&quot;,&quot;on-scroll&quot;:&quot;1&quot;,&quot;fade-from&quot;:&quot;bottom&quot;,&quot;data-duration&quot;:0.75,&quot;fade-offset&quot;:40,&quot;delay&quot;:0.15,&quot;ease&quot;:&quot;power2.out&quot;}\" data-widget_type=\"wcf--sassly-button.default\">\n\t\t\t\t<div class=\"elementor-widget-container\">\n\t\t\t\t\t        <div class=\"wc-btn-wrapper style-3\">\r\n\t                        <a href=\"https:\/\/www.dataieanalytics.com\/en\/contact\/\" class=\"wc-btn-primary btn-text-flip\">\r\n                    <span data-text=\"Saber m\u00e1s\">\r\n                        Saber m\u00e1s                    <\/span>\r\n\t\t\t                        <\/a>\r\n\t                <\/div>\r\n\t\t\t\t\t\t<\/div>\n\t\t\t\t<\/div>\n\t\t\t\t<\/div>\n\t\t\t\t<\/div>\n\t\t\t\t<\/div>\n\t\t<div class=\"elementor-element elementor-element-b84b7a2 e-con-full e-flex wcf-starter-animations-none e-con e-child\" data-id=\"b84b7a2\" data-element_type=\"container\" data-e-type=\"container\" data-settings=\"{&quot;wcf_enable_cursor_hover_effect_text&quot;:&quot;View&quot;,&quot;wcf-animation&quot;:&quot;none&quot;,&quot;wcf_pin_breakpoint&quot;:&quot;mobile&quot;}\">\n\t\t\t\t<div class=\"elementor-element elementor-element-0c5548b wcf-starter-animations-none elementor-widget elementor-widget-wcf--image\" data-id=\"0c5548b\" data-element_type=\"widget\" data-e-type=\"widget\" data-settings=\"{&quot;wcf-animation&quot;:&quot;fade&quot;,&quot;fade-from&quot;:&quot;right&quot;,&quot;data-duration&quot;:0.75,&quot;fade-offset&quot;:40,&quot;wcf_starter_animations&quot;:&quot;none&quot;,&quot;wcf_anim_duration&quot;:1000,&quot;wcf_anim_delay&quot;:0,&quot;wcf_anim_ease&quot;:&quot;ease&quot;,&quot;wcf-image-animation&quot;:&quot;none&quot;,&quot;delay&quot;:0.15,&quot;on-scroll&quot;:1,&quot;ease&quot;:&quot;power2.out&quot;}\" data-widget_type=\"wcf--image.default\">\n\t\t\t\t<div class=\"elementor-widget-container\">\n\t\t\t\t\t\t\t<div class=\"wcf--image\">\r\n\t\t\t\t\t\t\t<img fetchpriority=\"high\" decoding=\"async\" width=\"2000\" height=\"1500\" src=\"https:\/\/www.dataieanalytics.com\/wp-content\/uploads\/2024\/09\/dataie2.png\" class=\"attachment-full size-full wp-image-21011\" alt=\"\" srcset=\"https:\/\/www.dataieanalytics.com\/wp-content\/uploads\/2024\/09\/dataie2.png 2000w, https:\/\/www.dataieanalytics.com\/wp-content\/uploads\/2024\/09\/dataie2-350x263.png 350w, https:\/\/www.dataieanalytics.com\/wp-content\/uploads\/2024\/09\/dataie2-300x225.png 300w, https:\/\/www.dataieanalytics.com\/wp-content\/uploads\/2024\/09\/dataie2-1024x768.png 1024w, https:\/\/www.dataieanalytics.com\/wp-content\/uploads\/2024\/09\/dataie2-768x576.png 768w, https:\/\/www.dataieanalytics.com\/wp-content\/uploads\/2024\/09\/dataie2-1536x1152.png 1536w\" sizes=\"(max-width: 2000px) 100vw, 2000px\" \/>\t\t\t\t\t\t<\/div>\r\n\t\t\t\t\t\t<\/div>\n\t\t\t\t<\/div>\n\t\t\t\t<\/div>\n\t\t\t\t\t<\/div>\n\t\t\t\t<\/div>\n\t\t\t\t\t<\/div>\n\t\t\t\t<\/div>\n\t\t\t\t<\/div>","protected":false},"excerpt":{"rendered":"<p>Pol\u00edtica de seguridad La Seguridad de la Informaci\u00f3n entendida como preservaci\u00f3n de su confidencialidad, integridad y disponibilidad, as\u00ed como de los sistemas implicados en su tratamiento, se considera fundamental para la consecuci\u00f3n de las estrategias y objetivos de a Attrim Technology Group, SL \u00a0y sus sociedades participadas (en adelante, \u201cATTRIM\u201d). Por todo ello, como objetivo [&hellip;]<\/p>\n","protected":false},"author":1,"featured_media":0,"parent":0,"menu_order":0,"comment_status":"closed","ping_status":"closed","template":"elementor_header_footer","meta":{"footnotes":""},"class_list":["post-22526","page","type-page","status-publish","hentry"],"yoast_head":"<!-- This site is optimized with the Yoast SEO plugin v27.4 - https:\/\/yoast.com\/product\/yoast-seo-wordpress\/ -->\n<title>Pol\u00edtica de seguridad - DAT\u00c2IE Sustainability Analytics<\/title>\n<meta name=\"robots\" content=\"index, follow, max-snippet:-1, max-image-preview:large, max-video-preview:-1\" \/>\n<link rel=\"canonical\" href=\"https:\/\/www.dataieanalytics.com\/en\/politica-de-seguridad\/\" \/>\n<meta property=\"og:locale\" content=\"en_GB\" \/>\n<meta property=\"og:type\" content=\"article\" \/>\n<meta property=\"og:title\" content=\"Pol\u00edtica de seguridad - DAT\u00c2IE Sustainability Analytics\" \/>\n<meta property=\"og:description\" content=\"Pol\u00edtica de seguridad La Seguridad de la Informaci\u00f3n entendida como preservaci\u00f3n de su confidencialidad, integridad y disponibilidad, as\u00ed como de los sistemas implicados en su tratamiento, se considera fundamental para la consecuci\u00f3n de las estrategias y objetivos de a Attrim Technology Group, SL \u00a0y sus sociedades participadas (en adelante, \u201cATTRIM\u201d). Por todo ello, como objetivo [&hellip;]\" \/>\n<meta property=\"og:url\" content=\"https:\/\/www.dataieanalytics.com\/en\/politica-de-seguridad\/\" \/>\n<meta property=\"og:site_name\" content=\"DAT\u00c2IE Sustainability Analytics\" \/>\n<meta property=\"article:modified_time\" content=\"2025-04-02T09:38:38+00:00\" \/>\n<meta property=\"og:image\" content=\"https:\/\/www.dataieanalytics.com\/wp-content\/uploads\/2024\/09\/dataie2-1024x768.png\" \/>\n<meta name=\"twitter:card\" content=\"summary_large_image\" \/>\n<meta name=\"twitter:label1\" content=\"Estimated reading time\" \/>\n\t<meta name=\"twitter:data1\" content=\"3 minutes\" \/>\n<script type=\"application\/ld+json\" class=\"yoast-schema-graph\">{\"@context\":\"https:\\\/\\\/schema.org\",\"@graph\":[{\"@type\":\"WebPage\",\"@id\":\"https:\\\/\\\/www.dataieanalytics.com\\\/politica-de-seguridad\\\/\",\"url\":\"https:\\\/\\\/www.dataieanalytics.com\\\/politica-de-seguridad\\\/\",\"name\":\"Pol\u00edtica de seguridad - DAT\u00c2IE Sustainability Analytics\",\"isPartOf\":{\"@id\":\"https:\\\/\\\/www.dataieanalytics.com\\\/#website\"},\"primaryImageOfPage\":{\"@id\":\"https:\\\/\\\/www.dataieanalytics.com\\\/politica-de-seguridad\\\/#primaryimage\"},\"image\":{\"@id\":\"https:\\\/\\\/www.dataieanalytics.com\\\/politica-de-seguridad\\\/#primaryimage\"},\"thumbnailUrl\":\"https:\\\/\\\/www.dataieanalytics.com\\\/wp-content\\\/uploads\\\/2024\\\/09\\\/dataie2-1024x768.png\",\"datePublished\":\"2025-04-02T09:18:18+00:00\",\"dateModified\":\"2025-04-02T09:38:38+00:00\",\"breadcrumb\":{\"@id\":\"https:\\\/\\\/www.dataieanalytics.com\\\/politica-de-seguridad\\\/#breadcrumb\"},\"inLanguage\":\"en-GB\",\"potentialAction\":[{\"@type\":\"ReadAction\",\"target\":[\"https:\\\/\\\/www.dataieanalytics.com\\\/politica-de-seguridad\\\/\"]}]},{\"@type\":\"ImageObject\",\"inLanguage\":\"en-GB\",\"@id\":\"https:\\\/\\\/www.dataieanalytics.com\\\/politica-de-seguridad\\\/#primaryimage\",\"url\":\"https:\\\/\\\/www.dataieanalytics.com\\\/wp-content\\\/uploads\\\/2024\\\/09\\\/dataie2-1024x768.png\",\"contentUrl\":\"https:\\\/\\\/www.dataieanalytics.com\\\/wp-content\\\/uploads\\\/2024\\\/09\\\/dataie2-1024x768.png\"},{\"@type\":\"BreadcrumbList\",\"@id\":\"https:\\\/\\\/www.dataieanalytics.com\\\/politica-de-seguridad\\\/#breadcrumb\",\"itemListElement\":[{\"@type\":\"ListItem\",\"position\":1,\"name\":\"Portada\",\"item\":\"https:\\\/\\\/www.dataieanalytics.com\\\/\"},{\"@type\":\"ListItem\",\"position\":2,\"name\":\"Pol\u00edtica de seguridad\"}]},{\"@type\":\"WebSite\",\"@id\":\"https:\\\/\\\/www.dataieanalytics.com\\\/#website\",\"url\":\"https:\\\/\\\/www.dataieanalytics.com\\\/\",\"name\":\"DAT\u00c2IE Sustainability Analytics\",\"description\":\"\",\"publisher\":{\"@id\":\"https:\\\/\\\/www.dataieanalytics.com\\\/#organization\"},\"potentialAction\":[{\"@type\":\"SearchAction\",\"target\":{\"@type\":\"EntryPoint\",\"urlTemplate\":\"https:\\\/\\\/www.dataieanalytics.com\\\/?s={search_term_string}\"},\"query-input\":{\"@type\":\"PropertyValueSpecification\",\"valueRequired\":true,\"valueName\":\"search_term_string\"}}],\"inLanguage\":\"en-GB\"},{\"@type\":\"Organization\",\"@id\":\"https:\\\/\\\/www.dataieanalytics.com\\\/#organization\",\"name\":\"DAT\u00c2IE Sustainability Analytics\",\"url\":\"https:\\\/\\\/www.dataieanalytics.com\\\/\",\"logo\":{\"@type\":\"ImageObject\",\"inLanguage\":\"en-GB\",\"@id\":\"https:\\\/\\\/www.dataieanalytics.com\\\/#\\\/schema\\\/logo\\\/image\\\/\",\"url\":\"https:\\\/\\\/www.dataieanalytics.com\\\/wp-content\\\/uploads\\\/2024\\\/05\\\/DataieLOGO.png\",\"contentUrl\":\"https:\\\/\\\/www.dataieanalytics.com\\\/wp-content\\\/uploads\\\/2024\\\/05\\\/DataieLOGO.png\",\"width\":1223,\"height\":366,\"caption\":\"DAT\u00c2IE Sustainability Analytics\"},\"image\":{\"@id\":\"https:\\\/\\\/www.dataieanalytics.com\\\/#\\\/schema\\\/logo\\\/image\\\/\"},\"sameAs\":[\"https:\\\/\\\/www.linkedin.com\\\/company\\\/dataieanalytics\"]}]}<\/script>\n<!-- \/ Yoast SEO plugin. -->","yoast_head_json":{"title":"Pol\u00edtica de seguridad - DAT\u00c2IE Sustainability Analytics","robots":{"index":"index","follow":"follow","max-snippet":"max-snippet:-1","max-image-preview":"max-image-preview:large","max-video-preview":"max-video-preview:-1"},"canonical":"https:\/\/www.dataieanalytics.com\/en\/politica-de-seguridad\/","og_locale":"en_GB","og_type":"article","og_title":"Pol\u00edtica de seguridad - DAT\u00c2IE Sustainability Analytics","og_description":"Pol\u00edtica de seguridad La Seguridad de la Informaci\u00f3n entendida como preservaci\u00f3n de su confidencialidad, integridad y disponibilidad, as\u00ed como de los sistemas implicados en su tratamiento, se considera fundamental para la consecuci\u00f3n de las estrategias y objetivos de a Attrim Technology Group, SL \u00a0y sus sociedades participadas (en adelante, \u201cATTRIM\u201d). Por todo ello, como objetivo [&hellip;]","og_url":"https:\/\/www.dataieanalytics.com\/en\/politica-de-seguridad\/","og_site_name":"DAT\u00c2IE Sustainability Analytics","article_modified_time":"2025-04-02T09:38:38+00:00","og_image":[{"url":"https:\/\/www.dataieanalytics.com\/wp-content\/uploads\/2024\/09\/dataie2-1024x768.png","type":"","width":"","height":""}],"twitter_card":"summary_large_image","twitter_misc":{"Estimated reading time":"3 minutes"},"schema":{"@context":"https:\/\/schema.org","@graph":[{"@type":"WebPage","@id":"https:\/\/www.dataieanalytics.com\/politica-de-seguridad\/","url":"https:\/\/www.dataieanalytics.com\/politica-de-seguridad\/","name":"Pol\u00edtica de seguridad - DAT\u00c2IE Sustainability Analytics","isPartOf":{"@id":"https:\/\/www.dataieanalytics.com\/#website"},"primaryImageOfPage":{"@id":"https:\/\/www.dataieanalytics.com\/politica-de-seguridad\/#primaryimage"},"image":{"@id":"https:\/\/www.dataieanalytics.com\/politica-de-seguridad\/#primaryimage"},"thumbnailUrl":"https:\/\/www.dataieanalytics.com\/wp-content\/uploads\/2024\/09\/dataie2-1024x768.png","datePublished":"2025-04-02T09:18:18+00:00","dateModified":"2025-04-02T09:38:38+00:00","breadcrumb":{"@id":"https:\/\/www.dataieanalytics.com\/politica-de-seguridad\/#breadcrumb"},"inLanguage":"en-GB","potentialAction":[{"@type":"ReadAction","target":["https:\/\/www.dataieanalytics.com\/politica-de-seguridad\/"]}]},{"@type":"ImageObject","inLanguage":"en-GB","@id":"https:\/\/www.dataieanalytics.com\/politica-de-seguridad\/#primaryimage","url":"https:\/\/www.dataieanalytics.com\/wp-content\/uploads\/2024\/09\/dataie2-1024x768.png","contentUrl":"https:\/\/www.dataieanalytics.com\/wp-content\/uploads\/2024\/09\/dataie2-1024x768.png"},{"@type":"BreadcrumbList","@id":"https:\/\/www.dataieanalytics.com\/politica-de-seguridad\/#breadcrumb","itemListElement":[{"@type":"ListItem","position":1,"name":"Portada","item":"https:\/\/www.dataieanalytics.com\/"},{"@type":"ListItem","position":2,"name":"Pol\u00edtica de seguridad"}]},{"@type":"WebSite","@id":"https:\/\/www.dataieanalytics.com\/#website","url":"https:\/\/www.dataieanalytics.com\/","name":"DAT\u00c2IE Sustainability Analytics","description":"","publisher":{"@id":"https:\/\/www.dataieanalytics.com\/#organization"},"potentialAction":[{"@type":"SearchAction","target":{"@type":"EntryPoint","urlTemplate":"https:\/\/www.dataieanalytics.com\/?s={search_term_string}"},"query-input":{"@type":"PropertyValueSpecification","valueRequired":true,"valueName":"search_term_string"}}],"inLanguage":"en-GB"},{"@type":"Organization","@id":"https:\/\/www.dataieanalytics.com\/#organization","name":"DAT\u00c2IE Sustainability Analytics","url":"https:\/\/www.dataieanalytics.com\/","logo":{"@type":"ImageObject","inLanguage":"en-GB","@id":"https:\/\/www.dataieanalytics.com\/#\/schema\/logo\/image\/","url":"https:\/\/www.dataieanalytics.com\/wp-content\/uploads\/2024\/05\/DataieLOGO.png","contentUrl":"https:\/\/www.dataieanalytics.com\/wp-content\/uploads\/2024\/05\/DataieLOGO.png","width":1223,"height":366,"caption":"DAT\u00c2IE Sustainability Analytics"},"image":{"@id":"https:\/\/www.dataieanalytics.com\/#\/schema\/logo\/image\/"},"sameAs":["https:\/\/www.linkedin.com\/company\/dataieanalytics"]}]}},"jetpack_sharing_enabled":true,"_links":{"self":[{"href":"https:\/\/www.dataieanalytics.com\/en\/wp-json\/wp\/v2\/pages\/22526","targetHints":{"allow":["GET"]}}],"collection":[{"href":"https:\/\/www.dataieanalytics.com\/en\/wp-json\/wp\/v2\/pages"}],"about":[{"href":"https:\/\/www.dataieanalytics.com\/en\/wp-json\/wp\/v2\/types\/page"}],"author":[{"embeddable":true,"href":"https:\/\/www.dataieanalytics.com\/en\/wp-json\/wp\/v2\/users\/1"}],"replies":[{"embeddable":true,"href":"https:\/\/www.dataieanalytics.com\/en\/wp-json\/wp\/v2\/comments?post=22526"}],"version-history":[{"count":4,"href":"https:\/\/www.dataieanalytics.com\/en\/wp-json\/wp\/v2\/pages\/22526\/revisions"}],"predecessor-version":[{"id":22530,"href":"https:\/\/www.dataieanalytics.com\/en\/wp-json\/wp\/v2\/pages\/22526\/revisions\/22530"}],"wp:attachment":[{"href":"https:\/\/www.dataieanalytics.com\/en\/wp-json\/wp\/v2\/media?parent=22526"}],"curies":[{"name":"wp","href":"https:\/\/api.w.org\/{rel}","templated":true}]}}