{"id":23085,"date":"2025-09-19T08:57:49","date_gmt":"2025-09-19T06:57:49","guid":{"rendered":"https:\/\/www.dataieanalytics.com\/?page_id=23085"},"modified":"2025-09-29T11:18:17","modified_gmt":"2025-09-29T09:18:17","slug":"analisis-omnibus","status":"publish","type":"page","link":"https:\/\/www.dataieanalytics.com\/en\/analisis-omnibus\/","title":{"rendered":"An\u00e1lisis de la simplificaci\u00f3n de \u00d3mnibus"},"content":{"rendered":"<div data-elementor-type=\"wp-page\" data-elementor-id=\"23085\" class=\"elementor elementor-23085\">\n\t\t\t\t<div class=\"elementor-element elementor-element-f5370c3 e-flex e-con-boxed wcf-starter-animations-none e-con e-parent\" data-id=\"f5370c3\" data-element_type=\"container\" data-e-type=\"container\" data-settings=\"{&quot;wcf_enable_cursor_hover_effect_text&quot;:&quot;View&quot;,&quot;background_background&quot;:&quot;classic&quot;,&quot;wcf-animation&quot;:&quot;none&quot;,&quot;wcf_pin_breakpoint&quot;:&quot;mobile&quot;}\">\n\t\t\t\t\t<div class=\"e-con-inner\">\n\t\t\t\t<div class=\"elementor-element elementor-element-b48d5d1 elementor-widget elementor-widget-spacer\" data-id=\"b48d5d1\" data-element_type=\"widget\" data-e-type=\"widget\" data-settings=\"{&quot;wcf-animation&quot;:&quot;none&quot;}\" data-widget_type=\"spacer.default\">\n\t\t\t\t<div class=\"elementor-widget-container\">\n\t\t\t\t\t\t\t<div class=\"elementor-spacer\">\n\t\t\t<div class=\"elementor-spacer-inner\"><\/div>\n\t\t<\/div>\n\t\t\t\t\t\t<\/div>\n\t\t\t\t<\/div>\n\t\t\t\t<div class=\"elementor-element elementor-element-3a22e4d wcf-starter-animations-none wcf-t-animation-none elementor-widget elementor-widget-heading\" data-id=\"3a22e4d\" data-element_type=\"widget\" data-e-type=\"widget\" data-settings=\"{&quot;wcf_starter_animations&quot;:&quot;none&quot;,&quot;wcf_anim_duration&quot;:1000,&quot;wcf_anim_delay&quot;:0,&quot;wcf_anim_ease&quot;:&quot;ease&quot;,&quot;wcf_text_animation&quot;:&quot;none&quot;,&quot;wcf-animation&quot;:&quot;none&quot;}\" data-widget_type=\"heading.default\">\n\t\t\t\t<div class=\"elementor-widget-container\">\n\t\t\t\t\t<h2 class=\"elementor-heading-title elementor-size-default\"><a href=\"https:\/\/www.dataieanalytics.com\/en\/analisis-simplificacion-omnibus\/\">An\u00e1lisis de la simplificaci\u00f3n de \u00d3mnibus<\/a><\/h2>\t\t\t\t<\/div>\n\t\t\t\t<\/div>\n\t\t\t\t<div class=\"elementor-element elementor-element-561636a elementor-widget elementor-widget-spacer\" data-id=\"561636a\" data-element_type=\"widget\" data-e-type=\"widget\" data-settings=\"{&quot;wcf-animation&quot;:&quot;none&quot;}\" data-widget_type=\"spacer.default\">\n\t\t\t\t<div class=\"elementor-widget-container\">\n\t\t\t\t\t\t\t<div class=\"elementor-spacer\">\n\t\t\t<div class=\"elementor-spacer-inner\"><\/div>\n\t\t<\/div>\n\t\t\t\t\t\t<\/div>\n\t\t\t\t<\/div>\n\t\t\t\t\t<\/div>\n\t\t\t\t<\/div>\n\t\t<div class=\"elementor-element elementor-element-91e85d1 e-flex e-con-boxed wcf-starter-animations-none e-con e-parent\" data-id=\"91e85d1\" data-element_type=\"container\" data-e-type=\"container\" data-settings=\"{&quot;background_background&quot;:&quot;classic&quot;,&quot;wcf_enable_cursor_hover_effect_text&quot;:&quot;View&quot;,&quot;wcf-animation&quot;:&quot;none&quot;,&quot;wcf_pin_breakpoint&quot;:&quot;mobile&quot;}\">\n\t\t\t\t\t<div class=\"e-con-inner\">\n\t\t\t\t<div class=\"elementor-element elementor-element-8cf7ac7 wcf-starter-animations-none wcf-t-animation-none elementor-widget elementor-widget-heading\" data-id=\"8cf7ac7\" data-element_type=\"widget\" data-e-type=\"widget\" data-settings=\"{&quot;wcf_starter_animations&quot;:&quot;none&quot;,&quot;wcf_anim_duration&quot;:1000,&quot;wcf_anim_delay&quot;:0,&quot;wcf_anim_ease&quot;:&quot;ease&quot;,&quot;wcf_text_animation&quot;:&quot;none&quot;,&quot;wcf-animation&quot;:&quot;none&quot;}\" data-widget_type=\"heading.default\">\n\t\t\t\t<div class=\"elementor-widget-container\">\n\t\t\t\t\t<h2 class=\"elementor-heading-title elementor-size-default\">Anticip\u00e1ndonos a la simplificaci\u00f3n de los ESRS: DATAIE analiza el borrador para tener previstos los cambios y su implementaci\u00f3n<\/h2>\t\t\t\t<\/div>\n\t\t\t\t<\/div>\n\t\t\t\t<div class=\"elementor-element elementor-element-15e9829 elementor-widget__width-initial wcf-starter-animations-none wcf-t-animation-none elementor-widget elementor-widget-text-editor\" data-id=\"15e9829\" data-element_type=\"widget\" data-e-type=\"widget\" data-settings=\"{&quot;wcf_starter_animations&quot;:&quot;none&quot;,&quot;wcf_anim_duration&quot;:1000,&quot;wcf_anim_delay&quot;:0,&quot;wcf_anim_ease&quot;:&quot;ease&quot;,&quot;wcf_text_animation&quot;:&quot;none&quot;,&quot;wcf-animation&quot;:&quot;none&quot;}\" data-widget_type=\"text-editor.default\">\n\t\t\t\t<div class=\"elementor-widget-container\">\n\t\t\t\t\t\t\t\t\t<p data-start=\"364\" data-end=\"736\">En DATAIE estamos comprometidos con anticiparnos a los cambios normativos que afectan a nuestros clientes. Por eso, hemos analizado en profundidad el borrador final de simplificaci\u00f3n de los <strong data-start=\"554\" data-end=\"613\">Est\u00e1ndares Europeos de Reporte de Sostenibilidad (ESRS)<\/strong>, publicado por el EFRAG a finales de julio de 2025, y ya hemos analizado la implementaci\u00f3n que ser\u00e1 necesaria cuando queden aprobados.<\/p><p data-start=\"738\" data-end=\"1075\">Aunque a\u00fan se encuentra en consulta p\u00fablica y se prev\u00e9 que la Comisi\u00f3n Europea lo convierta en norma durante el primer semestre de 2026, la direcci\u00f3n est\u00e1 clara: la simplificaci\u00f3n de los ESRS no es una mera reducci\u00f3n de texto, sino una <strong data-start=\"974\" data-end=\"997\">reforma estructural<\/strong> que cambiar\u00e1 la forma de entender y gestionar el reporte de sostenibilidad.<\/p>\t\t\t\t\t\t\t\t<\/div>\n\t\t\t\t<\/div>\n\t\t\t\t<div class=\"elementor-element elementor-element-ed5da80 wcf-starter-animations-none elementor-widget elementor-widget-image\" data-id=\"ed5da80\" data-element_type=\"widget\" data-e-type=\"widget\" data-settings=\"{&quot;wcf_starter_animations&quot;:&quot;none&quot;,&quot;wcf_anim_duration&quot;:1000,&quot;wcf_anim_delay&quot;:0,&quot;wcf_anim_ease&quot;:&quot;ease&quot;,&quot;wcf-image-animation&quot;:&quot;none&quot;,&quot;wcf-animation&quot;:&quot;none&quot;}\" data-widget_type=\"image.default\">\n\t\t\t\t<div class=\"elementor-widget-container\">\n\t\t\t\t\t\t\t\t\t\t\t\t\t\t\t<img fetchpriority=\"high\" decoding=\"async\" width=\"800\" height=\"391\" src=\"https:\/\/www.dataieanalytics.com\/wp-content\/uploads\/2025\/09\/Sin-titulo-2560-x-1250-px-2-1024x500.png\" class=\"attachment-large size-large wp-image-23271\" alt=\"\" srcset=\"https:\/\/www.dataieanalytics.com\/wp-content\/uploads\/2025\/09\/Sin-titulo-2560-x-1250-px-2-1024x500.png 1024w, https:\/\/www.dataieanalytics.com\/wp-content\/uploads\/2025\/09\/Sin-titulo-2560-x-1250-px-2-300x146.png 300w, https:\/\/www.dataieanalytics.com\/wp-content\/uploads\/2025\/09\/Sin-titulo-2560-x-1250-px-2-768x375.png 768w, https:\/\/www.dataieanalytics.com\/wp-content\/uploads\/2025\/09\/Sin-titulo-2560-x-1250-px-2-1536x750.png 1536w, https:\/\/www.dataieanalytics.com\/wp-content\/uploads\/2025\/09\/Sin-titulo-2560-x-1250-px-2-2048x1000.png 2048w, https:\/\/www.dataieanalytics.com\/wp-content\/uploads\/2025\/09\/Sin-titulo-2560-x-1250-px-2-18x9.png 18w, https:\/\/www.dataieanalytics.com\/wp-content\/uploads\/2025\/09\/Sin-titulo-2560-x-1250-px-2-350x171.png 350w\" sizes=\"(max-width: 800px) 100vw, 800px\" \/>\t\t\t\t\t\t\t\t\t\t\t\t\t\t\t<\/div>\n\t\t\t\t<\/div>\n\t\t\t\t<div class=\"elementor-element elementor-element-a4009cd elementor-widget elementor-widget-spacer\" data-id=\"a4009cd\" data-element_type=\"widget\" data-e-type=\"widget\" data-settings=\"{&quot;wcf-animation&quot;:&quot;none&quot;}\" data-widget_type=\"spacer.default\">\n\t\t\t\t<div class=\"elementor-widget-container\">\n\t\t\t\t\t\t\t<div class=\"elementor-spacer\">\n\t\t\t<div class=\"elementor-spacer-inner\"><\/div>\n\t\t<\/div>\n\t\t\t\t\t\t<\/div>\n\t\t\t\t<\/div>\n\t\t\t\t<div class=\"elementor-element elementor-element-2995c07 wcf-starter-animations-none wcf-t-animation-none elementor-widget elementor-widget-heading\" data-id=\"2995c07\" data-element_type=\"widget\" data-e-type=\"widget\" data-settings=\"{&quot;wcf_starter_animations&quot;:&quot;none&quot;,&quot;wcf_anim_duration&quot;:1000,&quot;wcf_anim_delay&quot;:0,&quot;wcf_anim_ease&quot;:&quot;ease&quot;,&quot;wcf_text_animation&quot;:&quot;none&quot;,&quot;wcf-animation&quot;:&quot;none&quot;}\" data-widget_type=\"heading.default\">\n\t\t\t\t<div class=\"elementor-widget-container\">\n\t\t\t\t\t<h2 class=\"elementor-heading-title elementor-size-default\">Los principales cambios del borrador<\/h2>\t\t\t\t<\/div>\n\t\t\t\t<\/div>\n\t\t\t\t<div class=\"elementor-element elementor-element-eb644a2 elementor-widget__width-initial wcf-starter-animations-none wcf-t-animation-none elementor-widget elementor-widget-text-editor\" data-id=\"eb644a2\" data-element_type=\"widget\" data-e-type=\"widget\" data-settings=\"{&quot;wcf_starter_animations&quot;:&quot;none&quot;,&quot;wcf_anim_duration&quot;:1000,&quot;wcf_anim_delay&quot;:0,&quot;wcf_anim_ease&quot;:&quot;ease&quot;,&quot;wcf_text_animation&quot;:&quot;none&quot;,&quot;wcf-animation&quot;:&quot;none&quot;}\" data-widget_type=\"text-editor.default\">\n\t\t\t\t<div class=\"elementor-widget-container\">\n\t\t\t\t\t\t\t\t\t<p data-start=\"1119\" data-end=\"1213\">Entre las modificaciones m\u00e1s relevantes que incorpora el paquete de simplificaci\u00f3n destacan:<\/p><p><strong data-start=\"1217\" data-end=\"1244\">&#8211; Reducci\u00f3n de datapoints<\/strong>: se elimina un <strong data-start=\"1260\" data-end=\"1297\">57% de los obligatorios (\u00abshall\u00bb)<\/strong> y el <strong data-start=\"1303\" data-end=\"1338\">100% de los voluntarios (\u00abmay\u00bb)<\/strong>, con especial incidencia en los requisitos narrativos.<\/p><p><strong data-start=\"1398\" data-end=\"1443\">&#8211; Nuevo enfoque en doble materialidad (DMA)<\/strong>: se pasa de un an\u00e1lisis exhaustivo y descendente a un enfoque <strong data-start=\"1506\" data-end=\"1520\">\u201ctop-down\u201d<\/strong>, partiendo del modelo de negocio y el contexto sectorial. Desaparece el nivel de sub-sub-tema y se fortalece el principio de \u201cpresentaci\u00f3n fiel\u201d.<\/p><p><strong data-start=\"1671\" data-end=\"1701\">&#8211; Reestructuraci\u00f3n de ESRS 2<\/strong>: se centralizan en los <strong data-start=\"1725\" data-end=\"1771\">Requisitos Generales de Divulgaci\u00f3n (GDRs)<\/strong> los aspectos sobre Pol\u00edticas, Acciones y Metas (PATs), eliminando duplicaciones con los est\u00e1ndares tem\u00e1ticos.<\/p><p><strong data-start=\"1886\" data-end=\"1922\">&#8211; Mayor interoperabilidad con IFRS<\/strong>: se adoptan terminolog\u00edas comunes, se incorporan exenciones clave como el criterio de \u201ccoste o esfuerzo desproporcionado\u201d y se alinea el per\u00edmetro de reporte de emisiones GEI con el enfoque de control financiero.<\/p><p><strong data-start=\"2140\" data-end=\"2188\">&#8211; Nueva Gu\u00eda Ilustrativa No Obligatoria (NMIG)<\/strong>: gran parte de los requisitos narrativos se trasladan a esta gu\u00eda, que ofrece ejemplos y buenas pr\u00e1cticas sin ser vinculante.<\/p><p data-start=\"2318\" data-end=\"2534\">En definitiva, el foco se desplaza de un <strong data-start=\"2359\" data-end=\"2399\">ejercicio de cumplimiento exhaustivo<\/strong> hacia un <strong data-start=\"2409\" data-end=\"2448\">reporte m\u00e1s estrat\u00e9gico y relevante<\/strong>, que exige un mayor juicio profesional y una narrativa de sostenibilidad coherente.<\/p>\t\t\t\t\t\t\t\t<\/div>\n\t\t\t\t<\/div>\n\t\t\t\t<div class=\"elementor-element elementor-element-6c9fa96 wcf-starter-animations-none wcf-t-animation-none elementor-widget elementor-widget-heading\" data-id=\"6c9fa96\" data-element_type=\"widget\" data-e-type=\"widget\" data-settings=\"{&quot;wcf_starter_animations&quot;:&quot;none&quot;,&quot;wcf_anim_duration&quot;:1000,&quot;wcf_anim_delay&quot;:0,&quot;wcf_anim_ease&quot;:&quot;ease&quot;,&quot;wcf_text_animation&quot;:&quot;none&quot;,&quot;wcf-animation&quot;:&quot;none&quot;}\" data-widget_type=\"heading.default\">\n\t\t\t\t<div class=\"elementor-widget-container\">\n\t\t\t\t\t<h2 class=\"elementor-heading-title elementor-size-default\">C\u00f3mo lo vamos a integrar en DATAIE<\/h2>\t\t\t\t<\/div>\n\t\t\t\t<\/div>\n\t\t\t\t<div class=\"elementor-element elementor-element-f1c7fe2 elementor-widget__width-initial wcf-starter-animations-none wcf-t-animation-none elementor-widget elementor-widget-text-editor\" data-id=\"f1c7fe2\" data-element_type=\"widget\" data-e-type=\"widget\" data-settings=\"{&quot;wcf_starter_animations&quot;:&quot;none&quot;,&quot;wcf_anim_duration&quot;:1000,&quot;wcf_anim_delay&quot;:0,&quot;wcf_anim_ease&quot;:&quot;ease&quot;,&quot;wcf_text_animation&quot;:&quot;none&quot;,&quot;wcf-animation&quot;:&quot;none&quot;}\" data-widget_type=\"text-editor.default\">\n\t\t\t\t<div class=\"elementor-widget-container\">\n\t\t\t\t\t\t\t\t\t<p data-start=\"2575\" data-end=\"2809\">Nuestros equipos ya est\u00e1 prepar\u00e1ndose para acompa\u00f1ar a las empresas en este nuevo paradigma, para adaptar sus indicadores a los nuevos requerimientos.<\/p><p data-start=\"3380\" data-end=\"3701\">La simplificaci\u00f3n de los ESRS marca un punto de inflexi\u00f3n: el valor ya no estar\u00e1 en reportar \u201cm\u00e1s\u201d, sino en reportar \u201cmejor\u201d.<\/p><p data-start=\"3380\" data-end=\"3701\">Desde DATAIE, ayudamos a nuestros clientes a <strong data-start=\"3551\" data-end=\"3614\">traducir los requisitos normativos en ventajas competitivas<\/strong>, construyendo unos datos que sean concisos, defendibles y estrat\u00e9gicamente relevantes.<\/p>\t\t\t\t\t\t\t\t<\/div>\n\t\t\t\t<\/div>\n\t\t\t\t\t<\/div>\n\t\t\t\t<\/div>\n\t\t\t\t<\/div>","protected":false},"excerpt":{"rendered":"<p>An\u00e1lisis de la simplificaci\u00f3n de \u00d3mnibus Anticip\u00e1ndonos a la simplificaci\u00f3n de los ESRS: DATAIE analiza el borrador para tener previstos los cambios y su implementaci\u00f3n En DATAIE estamos comprometidos con anticiparnos a los cambios normativos que afectan a nuestros clientes. Por eso, hemos analizado en profundidad el borrador final de simplificaci\u00f3n de los Est\u00e1ndares Europeos [&hellip;]<\/p>\n","protected":false},"author":1,"featured_media":0,"parent":0,"menu_order":0,"comment_status":"closed","ping_status":"closed","template":"elementor_header_footer","meta":{"footnotes":""},"class_list":["post-23085","page","type-page","status-publish","hentry"],"yoast_head":"<!-- This site is optimized with the Yoast SEO plugin v27.5 - https:\/\/yoast.com\/product\/yoast-seo-wordpress\/ -->\n<title>An\u00e1lisis de la simplificaci\u00f3n de \u00d3mnibus - DAT\u00c2IE Sustainability Analytics<\/title>\n<meta name=\"robots\" content=\"index, follow, max-snippet:-1, max-image-preview:large, max-video-preview:-1\" \/>\n<link rel=\"canonical\" href=\"https:\/\/www.dataieanalytics.com\/en\/analisis-omnibus\/\" \/>\n<meta property=\"og:locale\" content=\"en_GB\" \/>\n<meta property=\"og:type\" content=\"article\" \/>\n<meta property=\"og:title\" content=\"An\u00e1lisis de la simplificaci\u00f3n de \u00d3mnibus - DAT\u00c2IE Sustainability Analytics\" \/>\n<meta property=\"og:description\" content=\"An\u00e1lisis de la simplificaci\u00f3n de \u00d3mnibus Anticip\u00e1ndonos a la simplificaci\u00f3n de los ESRS: DATAIE analiza el borrador para tener previstos los cambios y su implementaci\u00f3n En DATAIE estamos comprometidos con anticiparnos a los cambios normativos que afectan a nuestros clientes. Por eso, hemos analizado en profundidad el borrador final de simplificaci\u00f3n de los Est\u00e1ndares Europeos [&hellip;]\" \/>\n<meta property=\"og:url\" content=\"https:\/\/www.dataieanalytics.com\/en\/analisis-omnibus\/\" \/>\n<meta property=\"og:site_name\" content=\"DAT\u00c2IE Sustainability Analytics\" \/>\n<meta property=\"article:modified_time\" content=\"2025-09-29T09:18:17+00:00\" \/>\n<meta property=\"og:image\" content=\"https:\/\/www.dataieanalytics.com\/wp-content\/uploads\/2025\/09\/Sin-titulo-2560-x-1250-px-2-1024x500.png\" \/>\n<meta name=\"twitter:card\" content=\"summary_large_image\" \/>\n<meta name=\"twitter:label1\" content=\"Estimated reading time\" \/>\n\t<meta name=\"twitter:data1\" content=\"3 minutes\" \/>\n<script type=\"application\/ld+json\" class=\"yoast-schema-graph\">{\"@context\":\"https:\\\/\\\/schema.org\",\"@graph\":[{\"@type\":\"WebPage\",\"@id\":\"https:\\\/\\\/www.dataieanalytics.com\\\/analisis-omnibus\\\/\",\"url\":\"https:\\\/\\\/www.dataieanalytics.com\\\/analisis-omnibus\\\/\",\"name\":\"An\u00e1lisis de la simplificaci\u00f3n de \u00d3mnibus - DAT\u00c2IE Sustainability Analytics\",\"isPartOf\":{\"@id\":\"https:\\\/\\\/www.dataieanalytics.com\\\/#website\"},\"primaryImageOfPage\":{\"@id\":\"https:\\\/\\\/www.dataieanalytics.com\\\/analisis-omnibus\\\/#primaryimage\"},\"image\":{\"@id\":\"https:\\\/\\\/www.dataieanalytics.com\\\/analisis-omnibus\\\/#primaryimage\"},\"thumbnailUrl\":\"https:\\\/\\\/www.dataieanalytics.com\\\/wp-content\\\/uploads\\\/2025\\\/09\\\/Sin-titulo-2560-x-1250-px-2-1024x500.png\",\"datePublished\":\"2025-09-19T06:57:49+00:00\",\"dateModified\":\"2025-09-29T09:18:17+00:00\",\"breadcrumb\":{\"@id\":\"https:\\\/\\\/www.dataieanalytics.com\\\/analisis-omnibus\\\/#breadcrumb\"},\"inLanguage\":\"en-GB\",\"potentialAction\":[{\"@type\":\"ReadAction\",\"target\":[\"https:\\\/\\\/www.dataieanalytics.com\\\/analisis-omnibus\\\/\"]}]},{\"@type\":\"ImageObject\",\"inLanguage\":\"en-GB\",\"@id\":\"https:\\\/\\\/www.dataieanalytics.com\\\/analisis-omnibus\\\/#primaryimage\",\"url\":\"https:\\\/\\\/www.dataieanalytics.com\\\/wp-content\\\/uploads\\\/2025\\\/09\\\/Sin-titulo-2560-x-1250-px-2-1024x500.png\",\"contentUrl\":\"https:\\\/\\\/www.dataieanalytics.com\\\/wp-content\\\/uploads\\\/2025\\\/09\\\/Sin-titulo-2560-x-1250-px-2-1024x500.png\"},{\"@type\":\"BreadcrumbList\",\"@id\":\"https:\\\/\\\/www.dataieanalytics.com\\\/analisis-omnibus\\\/#breadcrumb\",\"itemListElement\":[{\"@type\":\"ListItem\",\"position\":1,\"name\":\"Portada\",\"item\":\"https:\\\/\\\/www.dataieanalytics.com\\\/\"},{\"@type\":\"ListItem\",\"position\":2,\"name\":\"An\u00e1lisis de la simplificaci\u00f3n de \u00d3mnibus\"}]},{\"@type\":\"WebSite\",\"@id\":\"https:\\\/\\\/www.dataieanalytics.com\\\/#website\",\"url\":\"https:\\\/\\\/www.dataieanalytics.com\\\/\",\"name\":\"DAT\u00c2IE Sustainability Analytics\",\"description\":\"\",\"publisher\":{\"@id\":\"https:\\\/\\\/www.dataieanalytics.com\\\/#organization\"},\"potentialAction\":[{\"@type\":\"SearchAction\",\"target\":{\"@type\":\"EntryPoint\",\"urlTemplate\":\"https:\\\/\\\/www.dataieanalytics.com\\\/?s={search_term_string}\"},\"query-input\":{\"@type\":\"PropertyValueSpecification\",\"valueRequired\":true,\"valueName\":\"search_term_string\"}}],\"inLanguage\":\"en-GB\"},{\"@type\":\"Organization\",\"@id\":\"https:\\\/\\\/www.dataieanalytics.com\\\/#organization\",\"name\":\"DAT\u00c2IE Sustainability Analytics\",\"url\":\"https:\\\/\\\/www.dataieanalytics.com\\\/\",\"logo\":{\"@type\":\"ImageObject\",\"inLanguage\":\"en-GB\",\"@id\":\"https:\\\/\\\/www.dataieanalytics.com\\\/#\\\/schema\\\/logo\\\/image\\\/\",\"url\":\"https:\\\/\\\/www.dataieanalytics.com\\\/wp-content\\\/uploads\\\/2024\\\/05\\\/DataieLOGO.png\",\"contentUrl\":\"https:\\\/\\\/www.dataieanalytics.com\\\/wp-content\\\/uploads\\\/2024\\\/05\\\/DataieLOGO.png\",\"width\":1223,\"height\":366,\"caption\":\"DAT\u00c2IE Sustainability Analytics\"},\"image\":{\"@id\":\"https:\\\/\\\/www.dataieanalytics.com\\\/#\\\/schema\\\/logo\\\/image\\\/\"},\"sameAs\":[\"https:\\\/\\\/www.linkedin.com\\\/company\\\/dataieanalytics\"]}]}<\/script>\n<!-- \/ Yoast SEO plugin. -->","yoast_head_json":{"title":"An\u00e1lisis de la simplificaci\u00f3n de \u00d3mnibus - DAT\u00c2IE Sustainability Analytics","robots":{"index":"index","follow":"follow","max-snippet":"max-snippet:-1","max-image-preview":"max-image-preview:large","max-video-preview":"max-video-preview:-1"},"canonical":"https:\/\/www.dataieanalytics.com\/en\/analisis-omnibus\/","og_locale":"en_GB","og_type":"article","og_title":"An\u00e1lisis de la simplificaci\u00f3n de \u00d3mnibus - DAT\u00c2IE Sustainability Analytics","og_description":"An\u00e1lisis de la simplificaci\u00f3n de \u00d3mnibus Anticip\u00e1ndonos a la simplificaci\u00f3n de los ESRS: DATAIE analiza el borrador para tener previstos los cambios y su implementaci\u00f3n En DATAIE estamos comprometidos con anticiparnos a los cambios normativos que afectan a nuestros clientes. Por eso, hemos analizado en profundidad el borrador final de simplificaci\u00f3n de los Est\u00e1ndares Europeos [&hellip;]","og_url":"https:\/\/www.dataieanalytics.com\/en\/analisis-omnibus\/","og_site_name":"DAT\u00c2IE Sustainability Analytics","article_modified_time":"2025-09-29T09:18:17+00:00","og_image":[{"url":"https:\/\/www.dataieanalytics.com\/wp-content\/uploads\/2025\/09\/Sin-titulo-2560-x-1250-px-2-1024x500.png","type":"","width":"","height":""}],"twitter_card":"summary_large_image","twitter_misc":{"Estimated reading time":"3 minutes"},"schema":{"@context":"https:\/\/schema.org","@graph":[{"@type":"WebPage","@id":"https:\/\/www.dataieanalytics.com\/analisis-omnibus\/","url":"https:\/\/www.dataieanalytics.com\/analisis-omnibus\/","name":"An\u00e1lisis de la simplificaci\u00f3n de \u00d3mnibus - DAT\u00c2IE Sustainability Analytics","isPartOf":{"@id":"https:\/\/www.dataieanalytics.com\/#website"},"primaryImageOfPage":{"@id":"https:\/\/www.dataieanalytics.com\/analisis-omnibus\/#primaryimage"},"image":{"@id":"https:\/\/www.dataieanalytics.com\/analisis-omnibus\/#primaryimage"},"thumbnailUrl":"https:\/\/www.dataieanalytics.com\/wp-content\/uploads\/2025\/09\/Sin-titulo-2560-x-1250-px-2-1024x500.png","datePublished":"2025-09-19T06:57:49+00:00","dateModified":"2025-09-29T09:18:17+00:00","breadcrumb":{"@id":"https:\/\/www.dataieanalytics.com\/analisis-omnibus\/#breadcrumb"},"inLanguage":"en-GB","potentialAction":[{"@type":"ReadAction","target":["https:\/\/www.dataieanalytics.com\/analisis-omnibus\/"]}]},{"@type":"ImageObject","inLanguage":"en-GB","@id":"https:\/\/www.dataieanalytics.com\/analisis-omnibus\/#primaryimage","url":"https:\/\/www.dataieanalytics.com\/wp-content\/uploads\/2025\/09\/Sin-titulo-2560-x-1250-px-2-1024x500.png","contentUrl":"https:\/\/www.dataieanalytics.com\/wp-content\/uploads\/2025\/09\/Sin-titulo-2560-x-1250-px-2-1024x500.png"},{"@type":"BreadcrumbList","@id":"https:\/\/www.dataieanalytics.com\/analisis-omnibus\/#breadcrumb","itemListElement":[{"@type":"ListItem","position":1,"name":"Portada","item":"https:\/\/www.dataieanalytics.com\/"},{"@type":"ListItem","position":2,"name":"An\u00e1lisis de la simplificaci\u00f3n de \u00d3mnibus"}]},{"@type":"WebSite","@id":"https:\/\/www.dataieanalytics.com\/#website","url":"https:\/\/www.dataieanalytics.com\/","name":"DAT\u00c2IE Sustainability Analytics","description":"","publisher":{"@id":"https:\/\/www.dataieanalytics.com\/#organization"},"potentialAction":[{"@type":"SearchAction","target":{"@type":"EntryPoint","urlTemplate":"https:\/\/www.dataieanalytics.com\/?s={search_term_string}"},"query-input":{"@type":"PropertyValueSpecification","valueRequired":true,"valueName":"search_term_string"}}],"inLanguage":"en-GB"},{"@type":"Organization","@id":"https:\/\/www.dataieanalytics.com\/#organization","name":"DAT\u00c2IE Sustainability Analytics","url":"https:\/\/www.dataieanalytics.com\/","logo":{"@type":"ImageObject","inLanguage":"en-GB","@id":"https:\/\/www.dataieanalytics.com\/#\/schema\/logo\/image\/","url":"https:\/\/www.dataieanalytics.com\/wp-content\/uploads\/2024\/05\/DataieLOGO.png","contentUrl":"https:\/\/www.dataieanalytics.com\/wp-content\/uploads\/2024\/05\/DataieLOGO.png","width":1223,"height":366,"caption":"DAT\u00c2IE Sustainability Analytics"},"image":{"@id":"https:\/\/www.dataieanalytics.com\/#\/schema\/logo\/image\/"},"sameAs":["https:\/\/www.linkedin.com\/company\/dataieanalytics"]}]}},"jetpack_sharing_enabled":true,"_links":{"self":[{"href":"https:\/\/www.dataieanalytics.com\/en\/wp-json\/wp\/v2\/pages\/23085","targetHints":{"allow":["GET"]}}],"collection":[{"href":"https:\/\/www.dataieanalytics.com\/en\/wp-json\/wp\/v2\/pages"}],"about":[{"href":"https:\/\/www.dataieanalytics.com\/en\/wp-json\/wp\/v2\/types\/page"}],"author":[{"embeddable":true,"href":"https:\/\/www.dataieanalytics.com\/en\/wp-json\/wp\/v2\/users\/1"}],"replies":[{"embeddable":true,"href":"https:\/\/www.dataieanalytics.com\/en\/wp-json\/wp\/v2\/comments?post=23085"}],"version-history":[{"count":18,"href":"https:\/\/www.dataieanalytics.com\/en\/wp-json\/wp\/v2\/pages\/23085\/revisions"}],"predecessor-version":[{"id":23274,"href":"https:\/\/www.dataieanalytics.com\/en\/wp-json\/wp\/v2\/pages\/23085\/revisions\/23274"}],"wp:attachment":[{"href":"https:\/\/www.dataieanalytics.com\/en\/wp-json\/wp\/v2\/media?parent=23085"}],"curies":[{"name":"wp","href":"https:\/\/api.w.org\/{rel}","templated":true}]}}