{"id":23654,"date":"2026-03-30T15:13:19","date_gmt":"2026-03-30T13:13:19","guid":{"rendered":"https:\/\/www.dataieanalytics.com\/?page_id=23654"},"modified":"2026-03-30T15:14:47","modified_gmt":"2026-03-30T13:14:47","slug":"cuestionario-dataie-noucor","status":"publish","type":"page","link":"https:\/\/www.dataieanalytics.com\/en\/cuestionario-dataie-noucor\/","title":{"rendered":"Cuestionario DATAIE &#8211; NOUCOR"},"content":{"rendered":"<div data-elementor-type=\"wp-page\" data-elementor-id=\"23654\" class=\"elementor elementor-23654\">\n\t\t\t\t<div class=\"elementor-element elementor-element-91c0b36 e-flex e-con-boxed wcf-starter-animations-none e-con e-parent\" data-id=\"91c0b36\" data-element_type=\"container\" data-e-type=\"container\" data-settings=\"{&quot;wcf_enable_cursor_hover_effect_text&quot;:&quot;View&quot;,&quot;wcf-animation&quot;:&quot;none&quot;,&quot;wcf_pin_breakpoint&quot;:&quot;mobile&quot;}\">\n\t\t\t\t\t<div class=\"e-con-inner\">\n\t\t\t\t<div class=\"elementor-element elementor-element-629d4f9 elementor-widget elementor-widget-spacer\" data-id=\"629d4f9\" data-element_type=\"widget\" data-e-type=\"widget\" data-settings=\"{&quot;wcf-animation&quot;:&quot;none&quot;}\" data-widget_type=\"spacer.default\">\n\t\t\t\t<div class=\"elementor-widget-container\">\n\t\t\t\t\t\t\t<div class=\"elementor-spacer\">\n\t\t\t<div class=\"elementor-spacer-inner\"><\/div>\n\t\t<\/div>\n\t\t\t\t\t\t<\/div>\n\t\t\t\t<\/div>\n\t\t\t\t\t<\/div>\n\t\t\t\t<\/div>\n\t\t<div class=\"elementor-element elementor-element-bbe6f5b e-flex e-con-boxed wcf-starter-animations-none e-con e-parent\" data-id=\"bbe6f5b\" data-element_type=\"container\" data-e-type=\"container\" data-settings=\"{&quot;wcf_enable_cursor_hover_effect_text&quot;:&quot;View&quot;,&quot;wcf-animation&quot;:&quot;none&quot;,&quot;wcf_pin_breakpoint&quot;:&quot;mobile&quot;}\">\n\t\t\t\t\t<div class=\"e-con-inner\">\n\t\t\t\t<div class=\"elementor-element elementor-element-5ce8e92 wcf-starter-animations-none wcf-t-animation-none elementor-widget elementor-widget-heading\" data-id=\"5ce8e92\" data-element_type=\"widget\" data-e-type=\"widget\" data-settings=\"{&quot;wcf_starter_animations&quot;:&quot;none&quot;,&quot;wcf_anim_duration&quot;:1000,&quot;wcf_anim_delay&quot;:0,&quot;wcf_anim_ease&quot;:&quot;ease&quot;,&quot;wcf_text_animation&quot;:&quot;none&quot;,&quot;wcf-animation&quot;:&quot;none&quot;}\" data-widget_type=\"heading.default\">\n\t\t\t\t<div class=\"elementor-widget-container\">\n\t\t\t\t\t<h1 class=\"elementor-heading-title elementor-size-default\">Tu experiencia nos importa <\/h1>\t\t\t\t<\/div>\n\t\t\t\t<\/div>\n\t\t\t\t<div class=\"elementor-element elementor-element-76a21b1 wcf-starter-animations-none wcf-t-animation-none elementor-widget elementor-widget-text-editor\" data-id=\"76a21b1\" data-element_type=\"widget\" data-e-type=\"widget\" data-settings=\"{&quot;wcf_starter_animations&quot;:&quot;none&quot;,&quot;wcf_anim_duration&quot;:1000,&quot;wcf_anim_delay&quot;:0,&quot;wcf_anim_ease&quot;:&quot;ease&quot;,&quot;wcf_text_animation&quot;:&quot;none&quot;,&quot;wcf-animation&quot;:&quot;none&quot;}\" data-widget_type=\"text-editor.default\">\n\t\t\t\t<div class=\"elementor-widget-container\">\n\t\t\t\t\t\t\t\t\t<p data-start=\"202\" data-end=\"273\"><span data-teams=\"true\">Tus respuestas son <strong>an\u00f3nimas <\/strong>y nos ayudar\u00e1n a seguir mejorando c\u00f3mo ayudamos a gestionar tus datos ESG. Por eso, nos gustar\u00eda conocer tu opini\u00f3n, s\u00f3lo son 4 preguntas.<\/span><\/p>\t\t\t\t\t\t\t\t<\/div>\n\t\t\t\t<\/div>\n\t\t\t\t\t<\/div>\n\t\t\t\t<\/div>\n\t\t<div class=\"elementor-element elementor-element-c23637e e-flex e-con-boxed wcf-starter-animations-none e-con e-parent\" data-id=\"c23637e\" data-element_type=\"container\" data-e-type=\"container\" data-settings=\"{&quot;wcf_enable_cursor_hover_effect_text&quot;:&quot;View&quot;,&quot;wcf-animation&quot;:&quot;none&quot;,&quot;wcf_pin_breakpoint&quot;:&quot;mobile&quot;}\">\n\t\t\t\t\t<div class=\"e-con-inner\">\n\t\t\t\t<div class=\"elementor-element elementor-element-0e52425 elementor-widget elementor-widget-html\" data-id=\"0e52425\" data-element_type=\"widget\" data-e-type=\"widget\" data-settings=\"{&quot;wcf-animation&quot;:&quot;none&quot;}\" data-widget_type=\"html.default\">\n\t\t\t\t<div class=\"elementor-widget-container\">\n\t\t\t\t\t<style>\n    .ff_conv_app_14 { background-color: #FFFFFF; }.ff_conv_app_14 .ffc-counter-div span { color: #0445AF; }.ff_conv_app_14 .ffc-counter-div .counter-icon-span svg { fill: #0445AF !important; }.ff_conv_app_14 .f-label-wrap, .ff_conv_app_14 .f-answer { color: #0445AF !important; }.ff_conv_app_14 .f-label-wrap .f-key { border-color: #0445AF !important; }.ff_conv_app_14 .f-label-wrap .f-key-hint { border-color: #0445AF !important; }.ff_conv_app_14 .f-answer .f-radios-wrap ul li { background-color: rgba(4,69,175, 0.1) !important; border: 1px solid #0445AF; }.ff_conv_app_14 .f-answer .f-radios-wrap ul li:focus { background-color: rgba(4,69,175, 0.3) !important }.ff_conv_app_14 .f-answer .f-radios-wrap ul li:hover { background-color: rgba(4,69,175, 0.3) !important }.ff_conv_app_14 .f-answer .f-radios-wrap ul li.f-selected .f-key { background-color: #0445AF !important; color: white; }.ff_conv_app_14 .f-answer .f-radios-wrap ul li.f-selected .f-key-hint { background-color: #0445AF; }.ff_conv_app_14 .f-answer .f-radios-wrap ul li.f-selected svg { fill: #0445AF !important; }.ff_conv_app_14 .f-answer input, .ff_conv_app_14 .f-answer textarea{ color: #0445AF !important; box-shadow: #0445AF  0px 1px; }.ff_conv_app_14 .f-answer input:focus, .ff_conv_app_14 .f-answer textarea:focus { box-shadow: #0445AF  0px 2px !important; }.ff_conv_app_14 .f-answer textarea::placeholder, .ff_conv_app_14 .f-answer input::placeholder { color: #0445AF !important; }.ff_conv_app_14 .text-success { color: #0445AF !important; }.ff_conv_app_14 .f-answer .f-matrix-table tbody td { background-color: rgba(4,69,175, 0.1); }.ff_conv_app_14 .f-answer .f-matrix-table input { border-color: rgba(4,69,175, 0.8); }.ff_conv_app_14 .f-answer .f-matrix-table input.f-radio-control:checked::after { background-color: #0445AF; }.ff_conv_app_14 .f-answer .f-matrix-table input:focus::before { border-color: #0445AF; }.ff_conv_app_14 .f-answer .f-matrix-table input.f-checkbox-control:checked { background-color: #0445AF; }.ff_conv_app_14 .f-answer .f-matrix-table tbody tr::after { border-right-color: #0445AF; }.ff_conv_app_14 .f-answer .f-matrix-table .f-table-cell.f-row-cell { box-shadow: rgba(4,69,175, 0.1) 0px 0px 0px 100vh inset; }.ff_conv_app_14 .f-answer .ff_file_upload_field_wrap { background-color: rgba(4,69,175, 0.1); border-color: rgba(4,69,175, 0.8); }.ff_conv_app_14 .f-answer .ff_file_upload_field_wrap:hover { background-color: rgba(4,69,175, 0.3);}.ff_conv_app_14 .f-answer .ff_file_upload_field_wrap:focus-within { background-color: rgba(4,69,175, 0.3); }.ff_conv_app_14 .f-answer .ff-upload-preview { border-color: rgba(4,69,175, 0.8); }.ff_conv_app_14 .f-answer .ff-upload-preview .ff-upload-thumb { background-color: rgba(4,69,175, 0.3); }.ff_conv_app_14 .f-answer .ff-upload-preview .ff-upload-details { border-left-color: rgba(4,69,175, 0.8); }.ff_conv_app_14 .f-answer .ff-upload-preview .ff-upload-details .ff-el-progress { border-left-color: rgba(4,69,175, 0.8); }.ff_conv_app_14 .f-answer .ff-upload-preview .ff-upload-details .ff-el-progress { background-color: rgba(4,69,175, 0.1); }.ff_conv_app_14 .f-answer .ff-upload-preview .ff-upload-details .ff-el-progress .ff-el-progress-bar { background-color: #0445AF; }.ff_conv_app_14 .f-answer .f-star-wrap .f-star-field-wrap::before { background-color: #0445AF; }.ff_conv_app_14 .f-answer .f-star-wrap .f-star-field-wrap .f-star-field .f-star-field-star .symbolOutline { fill: #0445AF; }.ff_conv_app_14 .f-answer .f-star-wrap .f-star-field-wrap .f-star-field .f-star-field-rating { color: #0445AF; }.ff_conv_app_14 .f-answer .f-star-wrap .f-star-field-wrap.is-hovered .symbolFill { fill: rgba(4,69,175, 0.1); }.ff_conv_app_14 .f-answer .f-star-wrap .f-star-field-wrap.is-selected .symbolFill { fill: #0445AF; }.ff_conv_app_14 .f-answer .f-payment-summary-wrap tbody td { background-color: rgba(4,69,175, 0.1); }.ff_conv_app_14 .f-answer .f-payment-summary-wrap tfoot th { background-color: rgba(4,69,175, 0.1); }.ff_conv_app_14 .f-answer .stripe-inline-holder { border-bottom: 1px solid #0445AF; }.ff_conv_app_14 .f-answer .StripeElement--focus { border-bottom: 2.5px solid #0445AF; }.ff_conv_app_14 .ff_conv_input .f-info { color: #0445AF; }.ff_conv_app_14 .fh2 .f-text { color: #191919; }.ff_conv_app_14 .fh2 .f-tagline, .ff_conv_app_14 .f-sub .f-help { color: rgba(25,25,25, 0.70); }.ff_conv_app_14 .fh2 .stripe-inline-header { color: #191919; }.ff_conv_app_14 .q-inner .o-btn-action, .ff_conv_app_14 .footer-inner-wrap .f-nav { background-color: #0445AF; }.ff_conv_app_14 .q-inner .o-btn-action span, .ff_conv_app_14 .footer-inner-wrap .f-nav a { color: #FFFFFF; } .ff_conv_app_14 .f-enter .f-enter-desc { color: #0445AF; }.ff_conv_app_14 .footer-inner-wrap .f-nav a svg { fill: #FFFFFF; }.ff_conv_app_14 .vff-footer .f-progress-bar { background-color: rgba(4,69,175, 0.3); }.ff_conv_app_14 .vff-footer .f-progress-bar-inner { background-color: #0445AF; }.ff_conv_app_14 .q-inner .o-btn-action:hover { background-color: #0445AFD6; }.ff_conv_app_14 .q-inner .o-btn-action:focus::after { border-radius: 6px; inset: -3px; box-shadow: #0445AF 0px 0px 0px 2px; }.ff_conv_app_14 .f-answer .f-radios-wrap ul li.f-selected .f-key { color: #FFFFFF; } .ff-btn-submit { background-color: #1a7efb; color: #ffffff; }<\/style>\n<div class=\"ffc_conv_wrapper ffc_inline_form\">\n    <div class=\"frm-fluent-form ff_conv_app fluent_form_14 ff_conv_app_frame ff_conv_app_14 ffc_media_hide_mob_no\" data-form_id=\"14\">\n        <div data-var_name=\"fluent_forms_global_var_1\" class=\"ffc_conv_form\" style=\"width: 100%\" id=\"ffc_app_instance_1\"><\/div>\n    <\/div>\n<\/div>\n\t\t\t\t<\/div>\n\t\t\t\t<\/div>\n\t\t\t\t\t<\/div>\n\t\t\t\t<\/div>\n\t\t\t\t<\/div>","protected":false},"excerpt":{"rendered":"<p>Tu experiencia nos importa Tus respuestas son an\u00f3nimas y nos ayudar\u00e1n a seguir mejorando c\u00f3mo ayudamos a gestionar tus datos ESG. Por eso, nos gustar\u00eda conocer tu opini\u00f3n, s\u00f3lo son 4 preguntas.<\/p>","protected":false},"author":1,"featured_media":20911,"parent":0,"menu_order":0,"comment_status":"closed","ping_status":"closed","template":"elementor_header_footer","meta":{"footnotes":""},"class_list":["post-23654","page","type-page","status-publish","has-post-thumbnail","hentry"],"yoast_head":"<!-- This site is optimized with the Yoast SEO plugin v27.4 - https:\/\/yoast.com\/product\/yoast-seo-wordpress\/ -->\n<title>Cuestionario DATAIE - NOUCOR - DAT\u00c2IE Sustainability Analytics<\/title>\n<meta name=\"description\" content=\"Te presentamos un Cuestionario DATAIE totalmente an\u00f3nimo para conocer tus resultados utilizando nuestro servicio.\" \/>\n<meta name=\"robots\" content=\"index, follow, max-snippet:-1, max-image-preview:large, max-video-preview:-1\" \/>\n<link rel=\"canonical\" href=\"https:\/\/www.dataieanalytics.com\/en\/cuestionario-dataie-noucor\/\" \/>\n<meta property=\"og:locale\" content=\"en_GB\" \/>\n<meta property=\"og:type\" content=\"article\" \/>\n<meta property=\"og:title\" content=\"Cuestionario feedback dataie\" \/>\n<meta property=\"og:description\" content=\"Te presentamos un Cuestionario DATAIE totalmente an\u00f3nimo para conocer tus resultados utilizando nuestro servicio.\" \/>\n<meta property=\"og:url\" content=\"https:\/\/www.dataieanalytics.com\/en\/cuestionario-dataie-noucor\/\" \/>\n<meta property=\"og:site_name\" content=\"DAT\u00c2IE Sustainability Analytics\" \/>\n<meta property=\"article:modified_time\" content=\"2026-03-30T13:14:47+00:00\" \/>\n<meta property=\"og:image\" content=\"https:\/\/www.dataieanalytics.com\/wp-content\/uploads\/2024\/09\/triangulodata2.png\" \/>\n\t<meta property=\"og:image:width\" content=\"252\" \/>\n\t<meta property=\"og:image:height\" content=\"259\" \/>\n\t<meta property=\"og:image:type\" content=\"image\/png\" \/>\n<meta name=\"twitter:card\" content=\"summary_large_image\" \/>\n<meta name=\"twitter:label1\" content=\"Estimated reading time\" \/>\n\t<meta name=\"twitter:data1\" content=\"1 minute\" \/>\n<script type=\"application\/ld+json\" class=\"yoast-schema-graph\">{\"@context\":\"https:\\\/\\\/schema.org\",\"@graph\":[{\"@type\":\"WebPage\",\"@id\":\"https:\\\/\\\/www.dataieanalytics.com\\\/cuestionario-dataie-noucor\\\/\",\"url\":\"https:\\\/\\\/www.dataieanalytics.com\\\/cuestionario-dataie-noucor\\\/\",\"name\":\"Cuestionario DATAIE - NOUCOR - DAT\u00c2IE Sustainability Analytics\",\"isPartOf\":{\"@id\":\"https:\\\/\\\/www.dataieanalytics.com\\\/#website\"},\"primaryImageOfPage\":{\"@id\":\"https:\\\/\\\/www.dataieanalytics.com\\\/cuestionario-dataie-noucor\\\/#primaryimage\"},\"image\":{\"@id\":\"https:\\\/\\\/www.dataieanalytics.com\\\/cuestionario-dataie-noucor\\\/#primaryimage\"},\"thumbnailUrl\":\"https:\\\/\\\/www.dataieanalytics.com\\\/wp-content\\\/uploads\\\/2024\\\/09\\\/cropped-triangulodata2.png\",\"datePublished\":\"2026-03-30T13:13:19+00:00\",\"dateModified\":\"2026-03-30T13:14:47+00:00\",\"description\":\"Te presentamos un Cuestionario DATAIE totalmente an\u00f3nimo para conocer tus resultados utilizando nuestro servicio.\",\"breadcrumb\":{\"@id\":\"https:\\\/\\\/www.dataieanalytics.com\\\/cuestionario-dataie-noucor\\\/#breadcrumb\"},\"inLanguage\":\"en-GB\",\"potentialAction\":[{\"@type\":\"ReadAction\",\"target\":[\"https:\\\/\\\/www.dataieanalytics.com\\\/cuestionario-dataie-noucor\\\/\"]}]},{\"@type\":\"ImageObject\",\"inLanguage\":\"en-GB\",\"@id\":\"https:\\\/\\\/www.dataieanalytics.com\\\/cuestionario-dataie-noucor\\\/#primaryimage\",\"url\":\"https:\\\/\\\/www.dataieanalytics.com\\\/wp-content\\\/uploads\\\/2024\\\/09\\\/cropped-triangulodata2.png\",\"contentUrl\":\"https:\\\/\\\/www.dataieanalytics.com\\\/wp-content\\\/uploads\\\/2024\\\/09\\\/cropped-triangulodata2.png\",\"width\":512,\"height\":512,\"caption\":\"Cuestionario DATAIE\"},{\"@type\":\"BreadcrumbList\",\"@id\":\"https:\\\/\\\/www.dataieanalytics.com\\\/cuestionario-dataie-noucor\\\/#breadcrumb\",\"itemListElement\":[{\"@type\":\"ListItem\",\"position\":1,\"name\":\"Portada\",\"item\":\"https:\\\/\\\/www.dataieanalytics.com\\\/\"},{\"@type\":\"ListItem\",\"position\":2,\"name\":\"Cuestionario DATAIE &#8211; NOUCOR\"}]},{\"@type\":\"WebSite\",\"@id\":\"https:\\\/\\\/www.dataieanalytics.com\\\/#website\",\"url\":\"https:\\\/\\\/www.dataieanalytics.com\\\/\",\"name\":\"DAT\u00c2IE Sustainability Analytics\",\"description\":\"\",\"publisher\":{\"@id\":\"https:\\\/\\\/www.dataieanalytics.com\\\/#organization\"},\"potentialAction\":[{\"@type\":\"SearchAction\",\"target\":{\"@type\":\"EntryPoint\",\"urlTemplate\":\"https:\\\/\\\/www.dataieanalytics.com\\\/?s={search_term_string}\"},\"query-input\":{\"@type\":\"PropertyValueSpecification\",\"valueRequired\":true,\"valueName\":\"search_term_string\"}}],\"inLanguage\":\"en-GB\"},{\"@type\":\"Organization\",\"@id\":\"https:\\\/\\\/www.dataieanalytics.com\\\/#organization\",\"name\":\"DAT\u00c2IE Sustainability Analytics\",\"url\":\"https:\\\/\\\/www.dataieanalytics.com\\\/\",\"logo\":{\"@type\":\"ImageObject\",\"inLanguage\":\"en-GB\",\"@id\":\"https:\\\/\\\/www.dataieanalytics.com\\\/#\\\/schema\\\/logo\\\/image\\\/\",\"url\":\"https:\\\/\\\/www.dataieanalytics.com\\\/wp-content\\\/uploads\\\/2024\\\/05\\\/DataieLOGO.png\",\"contentUrl\":\"https:\\\/\\\/www.dataieanalytics.com\\\/wp-content\\\/uploads\\\/2024\\\/05\\\/DataieLOGO.png\",\"width\":1223,\"height\":366,\"caption\":\"DAT\u00c2IE Sustainability Analytics\"},\"image\":{\"@id\":\"https:\\\/\\\/www.dataieanalytics.com\\\/#\\\/schema\\\/logo\\\/image\\\/\"},\"sameAs\":[\"https:\\\/\\\/www.linkedin.com\\\/company\\\/dataieanalytics\"]}]}<\/script>\n<!-- \/ Yoast SEO plugin. -->","yoast_head_json":{"title":"Cuestionario DATAIE - NOUCOR - DAT\u00c2IE Sustainability Analytics","description":"Te presentamos un Cuestionario DATAIE totalmente an\u00f3nimo para conocer tus resultados utilizando nuestro servicio.","robots":{"index":"index","follow":"follow","max-snippet":"max-snippet:-1","max-image-preview":"max-image-preview:large","max-video-preview":"max-video-preview:-1"},"canonical":"https:\/\/www.dataieanalytics.com\/en\/cuestionario-dataie-noucor\/","og_locale":"en_GB","og_type":"article","og_title":"Cuestionario feedback dataie","og_description":"Te presentamos un Cuestionario DATAIE totalmente an\u00f3nimo para conocer tus resultados utilizando nuestro servicio.","og_url":"https:\/\/www.dataieanalytics.com\/en\/cuestionario-dataie-noucor\/","og_site_name":"DAT\u00c2IE Sustainability Analytics","article_modified_time":"2026-03-30T13:14:47+00:00","og_image":[{"width":252,"height":259,"url":"https:\/\/www.dataieanalytics.com\/wp-content\/uploads\/2024\/09\/triangulodata2.png","type":"image\/png"}],"twitter_card":"summary_large_image","twitter_misc":{"Estimated reading time":"1 minute"},"schema":{"@context":"https:\/\/schema.org","@graph":[{"@type":"WebPage","@id":"https:\/\/www.dataieanalytics.com\/cuestionario-dataie-noucor\/","url":"https:\/\/www.dataieanalytics.com\/cuestionario-dataie-noucor\/","name":"Cuestionario DATAIE - NOUCOR - DAT\u00c2IE Sustainability Analytics","isPartOf":{"@id":"https:\/\/www.dataieanalytics.com\/#website"},"primaryImageOfPage":{"@id":"https:\/\/www.dataieanalytics.com\/cuestionario-dataie-noucor\/#primaryimage"},"image":{"@id":"https:\/\/www.dataieanalytics.com\/cuestionario-dataie-noucor\/#primaryimage"},"thumbnailUrl":"https:\/\/www.dataieanalytics.com\/wp-content\/uploads\/2024\/09\/cropped-triangulodata2.png","datePublished":"2026-03-30T13:13:19+00:00","dateModified":"2026-03-30T13:14:47+00:00","description":"Te presentamos un Cuestionario DATAIE totalmente an\u00f3nimo para conocer tus resultados utilizando nuestro servicio.","breadcrumb":{"@id":"https:\/\/www.dataieanalytics.com\/cuestionario-dataie-noucor\/#breadcrumb"},"inLanguage":"en-GB","potentialAction":[{"@type":"ReadAction","target":["https:\/\/www.dataieanalytics.com\/cuestionario-dataie-noucor\/"]}]},{"@type":"ImageObject","inLanguage":"en-GB","@id":"https:\/\/www.dataieanalytics.com\/cuestionario-dataie-noucor\/#primaryimage","url":"https:\/\/www.dataieanalytics.com\/wp-content\/uploads\/2024\/09\/cropped-triangulodata2.png","contentUrl":"https:\/\/www.dataieanalytics.com\/wp-content\/uploads\/2024\/09\/cropped-triangulodata2.png","width":512,"height":512,"caption":"Cuestionario DATAIE"},{"@type":"BreadcrumbList","@id":"https:\/\/www.dataieanalytics.com\/cuestionario-dataie-noucor\/#breadcrumb","itemListElement":[{"@type":"ListItem","position":1,"name":"Portada","item":"https:\/\/www.dataieanalytics.com\/"},{"@type":"ListItem","position":2,"name":"Cuestionario DATAIE &#8211; NOUCOR"}]},{"@type":"WebSite","@id":"https:\/\/www.dataieanalytics.com\/#website","url":"https:\/\/www.dataieanalytics.com\/","name":"DAT\u00c2IE Sustainability Analytics","description":"","publisher":{"@id":"https:\/\/www.dataieanalytics.com\/#organization"},"potentialAction":[{"@type":"SearchAction","target":{"@type":"EntryPoint","urlTemplate":"https:\/\/www.dataieanalytics.com\/?s={search_term_string}"},"query-input":{"@type":"PropertyValueSpecification","valueRequired":true,"valueName":"search_term_string"}}],"inLanguage":"en-GB"},{"@type":"Organization","@id":"https:\/\/www.dataieanalytics.com\/#organization","name":"DAT\u00c2IE Sustainability Analytics","url":"https:\/\/www.dataieanalytics.com\/","logo":{"@type":"ImageObject","inLanguage":"en-GB","@id":"https:\/\/www.dataieanalytics.com\/#\/schema\/logo\/image\/","url":"https:\/\/www.dataieanalytics.com\/wp-content\/uploads\/2024\/05\/DataieLOGO.png","contentUrl":"https:\/\/www.dataieanalytics.com\/wp-content\/uploads\/2024\/05\/DataieLOGO.png","width":1223,"height":366,"caption":"DAT\u00c2IE Sustainability Analytics"},"image":{"@id":"https:\/\/www.dataieanalytics.com\/#\/schema\/logo\/image\/"},"sameAs":["https:\/\/www.linkedin.com\/company\/dataieanalytics"]}]}},"jetpack_sharing_enabled":true,"_links":{"self":[{"href":"https:\/\/www.dataieanalytics.com\/en\/wp-json\/wp\/v2\/pages\/23654","targetHints":{"allow":["GET"]}}],"collection":[{"href":"https:\/\/www.dataieanalytics.com\/en\/wp-json\/wp\/v2\/pages"}],"about":[{"href":"https:\/\/www.dataieanalytics.com\/en\/wp-json\/wp\/v2\/types\/page"}],"author":[{"embeddable":true,"href":"https:\/\/www.dataieanalytics.com\/en\/wp-json\/wp\/v2\/users\/1"}],"replies":[{"embeddable":true,"href":"https:\/\/www.dataieanalytics.com\/en\/wp-json\/wp\/v2\/comments?post=23654"}],"version-history":[{"count":3,"href":"https:\/\/www.dataieanalytics.com\/en\/wp-json\/wp\/v2\/pages\/23654\/revisions"}],"predecessor-version":[{"id":23657,"href":"https:\/\/www.dataieanalytics.com\/en\/wp-json\/wp\/v2\/pages\/23654\/revisions\/23657"}],"wp:featuredmedia":[{"embeddable":true,"href":"https:\/\/www.dataieanalytics.com\/en\/wp-json\/wp\/v2\/media\/20911"}],"wp:attachment":[{"href":"https:\/\/www.dataieanalytics.com\/en\/wp-json\/wp\/v2\/media?parent=23654"}],"curies":[{"name":"wp","href":"https:\/\/api.w.org\/{rel}","templated":true}]}}